{"id":6426,"date":"2022-01-11T16:27:53","date_gmt":"2022-01-11T15:27:53","guid":{"rendered":"http:\/\/intern.iic-international.net\/impressum-datenschutz\/"},"modified":"2024-03-25T16:03:54","modified_gmt":"2024-03-25T15:03:54","slug":"impressum-datenschutz","status":"publish","type":"page","link":"https:\/\/www.iic-global.net\/de\/impressum-datenschutz\/","title":{"rendered":"Impressum &amp; Datenschutz"},"content":{"rendered":"<div class=\"wpb-content-wrapper\"><p>[vc_row][vc_column width=&#8220;1\/4&#8243;][vc_column_text]Verantwortung f\u00fcr diese Website in Bezug auf das Telemarketinggesetz und Medienvertr\u00e4ge:<\/p>\n<p><b>IIC &#8211; Innovative Internationale Beratung GmbH &amp; Co. KG  <\/b><\/p>\n<p>Industriestra\u00dfe 8<br \/>\nD-78234 Engen<\/p>\n<p>Tel: +49 7733 982 915 00<br \/>\nFax: +49 7733 982 915 99<\/p>\n<p><a target=\"_blank\" rel=\"noopener noreferrer\">info(at)iic-global.net<\/a><\/p>\n<p>Unternehmen registrieren:<br \/>\nAmtsgericht Freiburg HRA 541017<br \/>\nFinanzamt Singen, Steuer-Nr. 18203 \/ 29180<br \/>\nUMSATZSTEUER-ID: DE 228978687<\/p>\n<p>Bank: Sparkasse Engen &#8211; Gottmadingen<br \/>\nIBAN: DE48 6925 1445 0005 3866 10<\/p>\n<p>Pers\u00f6nliche Haftung:<\/p>\n<p>IIC Verwaltung GmbH, Engen &#8211; Gesch\u00e4ftsf\u00fchrer: Werner Bezikofer &#8211; HRB 541962 AG Freiburg<\/p>\n<p>Weitere entsprechende Websites:<\/p>\n<p><a href=\"https:\/\/www.personal-poi.com\/\">www.personal-poi.com<\/a><\/p>\n<p><a href=\"https:\/\/www.itintell.org\/\">www.itintell.org<\/a><\/p>\n<p><a href=\"https:\/\/www.mybeen.com\/\">www.mybeen.com<\/a><\/p>\n<p><a href=\"https:\/\/www.innovative-ic.com\/\">www.innovative-ic.com<\/a><\/p>\n<p>K\u00fcnstlerische Gestaltung (Kopfzeilengrafik):<br \/>\nWerbeagentur RevoLUZion &#8211; <a href=\"http:\/\/www.revoluzion.de\/\">www.revoLUZion.de<\/a> &#8211; Bernd Luz<\/p>\n<h5>Urheberrecht, Haftung, Verantwortung&#8230;<\/h5>\n<p>&#8230; f\u00fcr das Layout der Web-Pr\u00e4sentation, die verwendeten Grafiken sowie die Sammlung der Beitr\u00e4ge sind urheberrechtlich gesch\u00fctzt. Die Seiten d\u00fcrfen nur zum privaten Gebrauch kopiert werden. Es d\u00fcrfen keine \u00c4nderungen vorgenommen und keine Kopien verbreitet oder zur \u00f6ffentlichen Wiedergabe verwendet werden. Auch die einzelnen Berichte sind urheberrechtlich gesch\u00fctzt; weitere Referenzen k\u00f6nnen dort bei Bedarf nachgelesen werden. Alle Informationen auf diesem Server werden ohne Gew\u00e4hr f\u00fcr ihre Richtigkeit zur Verf\u00fcgung gestellt. F\u00fcr Sch\u00e4den, die sich aus der Verwendung der abgerufenen Informationen ergeben, wird keine Haftung \u00fcbernommen. Inhalt des Internetangebotes: Die IIC \u00fcbernimmt keinerlei Gew\u00e4hr f\u00fcr die Aktualit\u00e4t, Korrektheit, Vollst\u00e4ndigkeit oder Qualit\u00e4t der bereitgestellten Informationen.<\/p>\n<p>Haftungsanspr\u00fcche gegen IIC, welche sich auf Sch\u00e4den materieller oder ideeller Art beziehen, die durch die Nutzung oder Nichtnutzung der dargebotenen Informationen bzw. durch die Nutzung fehlerhafter und unvollst\u00e4ndiger Informationen verursacht wurden, sind grunds\u00e4tzlich ausgeschlossen, sofern seitens IIC kein nachweislich vors\u00e4tzliches oder grob fahrl\u00e4ssiges Verschulden vorliegt. Alle Angebote sind freibleibend und unverbindlich. IIC beh\u00e4lt es sich ausdr\u00fccklich vor, die Website oder Teile davon ohne gesonderte Ank\u00fcndigung zu ver\u00e4ndern, zu erg\u00e4nzen, zu l\u00f6schen oder die Ver\u00f6ffentlichung zeitweise oder endg\u00fcltig einzustellen. Rechtswirksamkeit: Sofern Teile oder einzelne Formulierungen dieses Textes der geltenden Rechtslage nicht, nicht mehr oder nicht vollst\u00e4ndig entsprechen sollten, bleiben die \u00fcbrigen Teile des Dokumentes in ihrem Inhalt und ihrer G\u00fcltigkeit davon unber\u00fchrt.[\/vc_column_text][\/vc_column][vc_column width=&#8220;3\/4&#8243;][vc_column_text]<\/p>\n<h5><b>Datenschutzrichtlinie<\/b><\/h5>\n<p>Allgemeiner Hinweis und Pflichtangaben<\/p>\n<p><strong>Benennung der zust\u00e4ndigen Stelle<\/strong><\/p>\n<p>Die verantwortliche Stelle f\u00fcr die Datenverarbeitung auf dieser Website ist:<\/p>\n<p>IIC Innovative Internationale Beratung GmbH &amp; Co. KG<\/p>\n<p>Werner Bezikofer<\/p>\n<p>Industriestra\u00dfe 8<\/p>\n<p>78234 Engen &#8211; Deutschland<\/p>\n<p>Die verantwortliche Stelle entscheidet allein oder in Abstimmung mit anderen \u00fcber die Zwecke und Mittel der Verarbeitung personenbezogener Daten (wie Namen, Kontaktdaten usw.).<\/p>\n<p><b>Widerruf der Einwilligung in die Datenverarbeitung<\/b><\/p>\n<p>Nur mit Ihrer ausdr\u00fccklichen Zustimmung sind einige Prozesse der Datenverarbeitung m\u00f6glich. Ein Widerruf Ihrer bereits erteilten Einwilligung ist jederzeit m\u00f6glich. F\u00fcr den Widerruf gen\u00fcgt eine formlose Mitteilung per E-Mail. Die Rechtm\u00e4\u00dfigkeit der bis zum Widerruf erfolgten Datenverarbeitung bleibt vom Widerruf unber\u00fchrt.<\/p>\n<p><b>Recht auf Beschwerde bei der zust\u00e4ndigen Beh\u00f6rde<\/b><\/p>\n<p>Als betroffene Person haben Sie im Falle eines Versto\u00dfes gegen das Datenschutzrecht ein Beschwerderecht bei der zust\u00e4ndigen Aufsichtsbeh\u00f6rde. Zust\u00e4ndige Aufsichtsbeh\u00f6rde in datenschutzrechtlichen Fragen ist der Landesdatenschutzbeauftragte des Bundeslandes, in dem sich der Sitz unseres Unternehmens befindet. Unter dem folgenden Link finden Sie eine Liste der Datenschutzbeauftragten und deren Kontaktdaten: https:\/\/www.bfdi.bund.de\/DE\/Infothek\/Anschriften_Links\/anschriften_links-node.html.<\/p>\n<p><b>Recht auf Daten\u00fcbertragbarkeit<\/b><\/p>\n<p>Sie haben das Recht, dass Daten, die wir aufgrund Ihrer Einwilligung oder in Erf\u00fcllung eines Vertrages verarbeiten, automatisch an Sie oder an Dritte weitergegeben werden. Die Bereitstellung erfolgt in einem maschinenlesbaren Format. Wenn Sie die direkte \u00dcbermittlung von Daten an einen anderen Verantwortlichen verlangen, wird dies nur im Rahmen der technischen M\u00f6glichkeiten geschehen.<\/p>\n<p><b>SSL- oder TLS-Verschl\u00fcsselung<\/b><\/p>\n<p>Aus Sicherheitsgr\u00fcnden und zum Schutz der \u00dcbertragung vertraulicher Inhalte, die Sie uns als Seitenbetreiber \u00fcbermitteln, verwendet unsere Website ein SSL-Verfahren. TLS-Verschl\u00fcsselung. So sind Daten, die Sie \u00fcber diese Website \u00fcbermitteln, f\u00fcr andere nicht lesbar. Eine verschl\u00fcsselte Verbindung erkennen Sie an der &#8222;https: \/\/&#8220;-Adressleiste Ihres Browsers und an dem Schloss-Symbol in der Browserleiste.<\/p>\n<p><b>Server-Protokolldateien<\/b><\/p>\n<p>Der Website-Provider erhebt und speichert automatisch in Server Log Files Informationen, die Ihr Browser automatisch an uns \u00fcbermittelt. Diese sind:<\/p>\n<p>Browsertyp und Browserversion<\/p>\n<p>Verwendetes Betriebssystem<\/p>\n<p>Referrer URL<\/p>\n<p>Hostname des zugreifenden Computers<\/p>\n<p>Uhrzeit der Serveranfrage<\/p>\n<p>IP-Adresse<\/p>\n<p>Es findet keine Zusammenf\u00fchrung dieser Daten mit anderen Datenquellen statt. Die Grundlage f\u00fcr die Datenverarbeitung ist Art. 6 Absatz. 1 Lit. b DSGVO, die die Verarbeitung von Daten zur Erf\u00fcllung eines Vertrags oder vorvertraglicher Ma\u00dfnahmen erlaubt.<\/p>\n<p><b>Kontakt-Formular<\/b><\/p>\n<p>Die Angaben aus dem Kontaktformular inklusive der von Ihnen dort angegebenen Kontaktdaten werden zwecks Bearbeitung der Anfrage und f\u00fcr den Fall von Anschlussfragen bei uns gespeichert. Eine Weitergabe dieser Daten erfolgt nicht ohne Ihre Zustimmung.<\/p>\n<p>Die Verarbeitung der in das Kontaktformular eingegebenen Daten erfolgt ausschlie\u00dflich auf der Grundlage Ihrer Einwilligung (Art. 6 (1) Lit. DSGVO). Ein Widerruf Ihrer bereits erteilten Einwilligung ist jederzeit m\u00f6glich. F\u00fcr den Widerruf gen\u00fcgt eine formlose Mitteilung per E-Mail. Die Rechtm\u00e4\u00dfigkeit der bis zum Widerruf erfolgten Datenverarbeitungsvorg\u00e4nge bleibt vom Widerruf unber\u00fchrt.<\/p>\n<p>Die \u00fcber das Kontaktformular \u00fcbermittelten Daten verbleiben bei uns, bis Sie uns zur L\u00f6schung auffordern, Ihre Einwilligung zur Speicherung widerrufen oder die Speicherung Ihrer Daten nicht mehr erforderlich ist. Zwingende gesetzliche Bestimmungen &#8211; insbesondere Aufbewahrungsfristen &#8211; bleiben unber\u00fchrt.<\/p>\n<p><b>Cookies<\/b><\/p>\n<p>Unsere Website verwendet Cookies. Dies sind kleine Textdateien, die Ihr Webbrowser auf Ihrem Ger\u00e4t speichert. Cookies helfen uns, unser Angebot nutzerfreundlicher, effektiver und sicherer zu machen.<\/p>\n<p>Einige Cookies sind &#8222;Sitzungscookies&#8220;. Diese Cookies werden nach Beendigung der Browser-Sitzung automatisch gel\u00f6scht. Andere Cookies hingegen verbleiben auf Ihrem Ger\u00e4t, bis Sie sie selbst l\u00f6schen. Solche Cookies helfen uns, Sie zu erkennen, wenn Sie auf unsere Website zur\u00fcckkehren.<\/p>\n<p>Mit einem modernen Webbrowser k\u00f6nnen Sie das Setzen von Cookies \u00fcberwachen, einschr\u00e4nken oder verhindern. Viele Webbrowser k\u00f6nnen so konfiguriert werden, dass sie Cookies automatisch l\u00f6schen, wenn das Programm geschlossen wird. Die Deaktivierung von Cookies kann zu einer eingeschr\u00e4nkten Funktionalit\u00e4t unserer Website f\u00fchren.<\/p>\n<p>Das Setzen von Cookies, die f\u00fcr die Durchf\u00fchrung elektronischer Kommunikationsvorg\u00e4nge oder die Bereitstellung bestimmter, von Ihnen gew\u00fcnschter Funktionen (z.B. Warenkorb) erforderlich sind, erfolgt auf Grundlage von Art. 6 Abs. f DSGVO. Als Betreiber dieser Website haben wir ein berechtigtes Interesse an der Speicherung von Cookies f\u00fcr die technisch einwandfreie und reibungslose Bereitstellung unserer Dienste. Wenn andere Cookies gesetzt werden (z.B. f\u00fcr Analysefunktionen), werden sie in dieser Datenschutzerkl\u00e4rung gesondert behandelt.<\/p>\n<p><b>Google Analytics<\/b><\/p>\n<p>Unsere Website nutzt Funktionen des Webanalysedienstes Google Analytics. Anbieter des Webanalysedienstes ist Google Inc. mit Sitz in 1600 Amphitheater Parkway, Mountain View, CA 94043, USA.<\/p>\n<p>Google Analytics verwendet &#8222;Cookies&#8220;. Dies sind kleine Textdateien, die Ihr Webbrowser auf Ihrem Ger\u00e4t speichert und die eine Analyse der Websitenutzung erm\u00f6glichen. Die durch Cookies erzeugten Informationen \u00fcber Ihre Benutzung unserer Website werden an einen Server von Google \u00fcbertragen und dort gespeichert. Der Serverstandort ist normalerweise die USA.<\/p>\n<p>Google Analytics Cookies werden auf der Grundlage von Art. 6 Abs. 1 Lit. f DSGVO. Als Betreiber dieser Website haben wir ein berechtigtes Interesse an der Analyse des Nutzerverhaltens, um unsere Website und ggf. auch Werbung zu optimieren.<\/p>\n<p><b>IP-Anonymisierung<\/b><\/p>\n<p>Wir verwenden Google Analytics in Verbindung mit der IP-Anonymisierungsfunktion. Dadurch wird sichergestellt, dass Google Ihre IP-Adresse innerhalb von Mitgliedstaaten der Europ\u00e4ischen Union oder in anderen Vertragsstaaten des Abkommens \u00fcber den Europ\u00e4ischen Wirtschaftsraum vor der \u00dcbermittlung in die Vereinigten Staaten von Amerika k\u00fcrzt. Es kann Ausnahmen geben, bei denen Google die vollst\u00e4ndige IP-Adresse an einen Server in den Vereinigten Staaten \u00fcbertr\u00e4gt und k\u00fcrzt. Google wird diese Informationen in unserem Auftrag benutzen, um Ihre Nutzung der Website auszuwerten, um Reports \u00fcber die Websiteaktivit\u00e4ten zusammenzustellen und um weitere mit der Websitenutzung und der Internetnutzung verbundene Dienstleistungen gegen\u00fcber uns zu erbringen. Eine Zusammenf\u00fchrung der von Google Analytics \u00fcbermittelten IP-Adresse mit anderen Daten von Google findet nicht statt.<\/p>\n<p><b>Browser-Plugin<\/b><\/p>\n<p>Das Setzen von Cookies durch Ihren Webbrowser kann verhindert werden. Einige Funktionen unserer Website k\u00f6nnen jedoch eingeschr\u00e4nkt sein. Ebenso k\u00f6nnen Sie die Erfassung von Daten \u00fcber Ihre Nutzung der Website, einschlie\u00dflich Ihrer IP-Adresse, und die anschlie\u00dfende Verarbeitung durch Google verhindern. Dies ist m\u00f6glich, indem Sie das Browser-Plug-in herunterladen und installieren, das \u00fcber den folgenden Link zug\u00e4nglich ist: https:\/\/tools.google.com\/dlpage\/gaoptout?hl=de.<\/p>\n<p><b>Widerstand gegen die Datenerhebung<\/b><\/p>\n<p>Sie k\u00f6nnen die Erfassung Ihrer Daten durch Google Analytics verhindern, indem Sie auf den folgenden Link klicken. Es wird ein Opt-out-Cookie gesetzt, um zu verhindern, dass Ihre Daten bei zuk\u00fcnftigen Besuchen unserer Website erfasst werden: Deaktivieren Sie Google Analytics.<\/p>\n<p>Einzelheiten zum Umgang mit Nutzerdaten bei Google Analytics finden Sie in den Datenschutzbestimmungen von Google: https:\/\/support.google.com\/analytics\/answer\/6004245?hl=en.<\/p>\n<p><b>Auftragsabwicklung<\/b><\/p>\n<p>Um die datenschutzrechtlichen Anforderungen in vollem Umfang zu erf\u00fcllen, haben wir mit Google einen Vertrag zur Auftragsverarbeitung abgeschlossen.<\/p>\n<p><b>Demografische Daten in Google Analytics<\/b><\/p>\n<p>Unsere Website verwendet die demografische Funktion von Google Analytics. Mit ihr k\u00f6nnen Berichte erstellt werden, die Aussagen \u00fcber Alter, Geschlecht und Interessen der Website-Besucher enthalten. Diese Daten stammen aus interessenbezogener Werbung von Google und aus Besucherdaten Dritter. Eine Zuordnung der Daten zu einer bestimmten Person ist nicht m\u00f6glich. Sie k\u00f6nnen diese Funktion jederzeit deaktivieren. Dies ist \u00fcber die Anzeigeneinstellungen in Ihrem Google-Konto m\u00f6glich oder indem Sie die Erfassung Ihrer Daten durch Google Analytics generell untersagen, wie im Abschnitt &#8222;Widerspruch gegen die Datenerfassung&#8220; erl\u00e4utert.<\/p>\n<p><b>Google AdWords und Google Conversion Tracking<\/b><\/p>\n<p>Unsere Website verwendet Google AdWords. Anbieter ist Google Inc. mit Sitz in 1600 Amphitheater Parkway, Mountain View, CA 94043, Vereinigte Staaten.<\/p>\n<p>AdWords ist ein Online-Werbeprogramm. Im Rahmen des Online-Werbeprogramms arbeiten wir mit Conversion Tracking. Wenn Sie auf eine von Google geschaltete Anzeige klicken, wird ein Cookie f\u00fcr das Conversion-Tracking gesetzt. Cookies sind kleine Textdateien, die Ihr Webbrowser auf Ihrem Ger\u00e4t speichert. Google AdWords-Cookies verlieren nach 30 Tagen ihre G\u00fcltigkeit und werden nicht zur pers\u00f6nlichen Identifizierung von Nutzern verwendet. Anhand des Cookies erkennen Google und wir, dass Sie auf eine Anzeige geklickt haben und zu unserer Website weitergeleitet wurden.<\/p>\n<p>Jeder Google AdWords-Kunde erh\u00e4lt ein anderes Cookie. Die Cookies sind \u00fcber die Websites der AdWords-Kunden nicht verfolgbar. Conversion-Cookies werden verwendet, um Conversion-Statistiken f\u00fcr AdWords-Werbekunden zu erstellen, die Conversion-Tracking verwenden. Adwords-Kunden erfahren, wie viele Personen auf ihre Anzeige geklickt haben und zu Seiten mit Conversion-Tracking-Tags weitergeleitet wurden. AdWords-Anzeigenkunden erhalten jedoch keine Informationen, die es ihnen erm\u00f6glichen, sich pers\u00f6nlich zu identifizieren. Wenn Sie nicht an der Nachverfolgung teilnehmen m\u00f6chten, k\u00f6nnen Sie einer Verwendung widersprechen. Hier ist das Konvertierungs-Cookie in den Benutzereinstellungen des Browsers zu deaktivieren. Es gibt also keine Einbeziehung in die Conversion-Tracking-Statistiken.<\/p>\n<p>Die Speicherung von &#8222;Conversion-Cookies&#8220; erfolgt auf Grundlage von Art. 6 Abs. 1 Lit. f DSGVO. Wir als Websitebetreiber haben ein berechtigtes Interesse daran, das Nutzerverhalten zu analysieren, um unsere Website und Werbung zu optimieren.<\/p>\n<p>Weitere Informationen zu Google AdWords und Google Conversion Tracking finden Sie in den Datenschutzbestimmungen von Google: https:\/\/www.google.com\/policies\/privacy\/.<\/p>\n<p>Mit einem modernen Webbrowser k\u00f6nnen Sie das Setzen von Cookies \u00fcberwachen, einschr\u00e4nken oder verhindern. Die Deaktivierung von Cookies kann zu einer eingeschr\u00e4nkten Funktionalit\u00e4t unserer Website f\u00fchren.[\/vc_column_text][\/vc_column][\/vc_row]<\/p>\n<\/div>","protected":false},"excerpt":{"rendered":"<p>[vc_row][vc_column width=&#8220;1\/4&#8243;][vc_column_text]Verantwortung f\u00fcr diese Website in Bezug auf das Telemarketinggesetz und Medienvertr\u00e4ge: IIC &#8211; Innovative Internationale Beratung GmbH &amp; Co. KG Industriestra\u00dfe 8 D-78234 Engen Tel: +49 7733 982 915 00 Fax: +49 7733 982 915 99 info(at)iic-global.net Unternehmen registrieren: Amtsgericht Freiburg HRA 541017 Finanzamt Singen, Steuer-Nr. 18203 \/ 29180 UMSATZSTEUER-ID: DE 228978687 Bank: Sparkasse&hellip;<\/p>\n","protected":false},"author":1,"featured_media":0,"parent":0,"menu_order":0,"comment_status":"closed","ping_status":"closed","template":"","meta":{"footnotes":""},"class_list":["post-6426","page","type-page","status-publish","hentry","description-off"],"_links":{"self":[{"href":"https:\/\/www.iic-global.net\/de\/wp-json\/wp\/v2\/pages\/6426","targetHints":{"allow":["GET"]}}],"collection":[{"href":"https:\/\/www.iic-global.net\/de\/wp-json\/wp\/v2\/pages"}],"about":[{"href":"https:\/\/www.iic-global.net\/de\/wp-json\/wp\/v2\/types\/page"}],"author":[{"embeddable":true,"href":"https:\/\/www.iic-global.net\/de\/wp-json\/wp\/v2\/users\/1"}],"replies":[{"embeddable":true,"href":"https:\/\/www.iic-global.net\/de\/wp-json\/wp\/v2\/comments?post=6426"}],"version-history":[{"count":0,"href":"https:\/\/www.iic-global.net\/de\/wp-json\/wp\/v2\/pages\/6426\/revisions"}],"wp:attachment":[{"href":"https:\/\/www.iic-global.net\/de\/wp-json\/wp\/v2\/media?parent=6426"}],"curies":[{"name":"wp","href":"https:\/\/api.w.org\/{rel}","templated":true}]}}