{"id":6437,"date":"2022-01-11T16:51:41","date_gmt":"2022-01-11T15:51:41","guid":{"rendered":"http:\/\/intern.iic-international.net\/kontakt\/"},"modified":"2025-08-27T10:56:34","modified_gmt":"2025-08-27T08:56:34","slug":"contact-us-global-iic","status":"publish","type":"page","link":"https:\/\/www.iic-global.net\/de\/contact-us-global-iic\/","title":{"rendered":"Kontakt"},"content":{"rendered":"<div class=\"wpb-content-wrapper\">[vc_row][vc_column width=&#8220;1\/4&#8243;][vc_column_text css=&#8220;&#8220;]\r\n<h4 class=\"has-text-color\" style=\"color: #0853a2; text-align: left;\"><strong>Phone<\/strong><\/h4>\r\n<strong>+49 7733 982 91-500\r\n<\/strong><strong>+33 (3) 88 59 83 52<\/strong>\r\n\r\n&nbsp;\r\n<h4><strong style=\"color: #0853a2;\">Email<\/strong><\/h4>\r\n<strong>info@iic-global.net\r\n<\/strong><strong>EMEA@iic-global.net<\/strong>\r\n\r\n&nbsp;\r\n<h4 class=\"has-text-color\" style=\"color: #0853a2; text-align: left;\"><strong>Addressen<\/strong><\/h4>\r\n\r\n<p class=\"item--title\" style=\"text-align: left;\"><strong>Unsere deutsches B\u00fcro:<\/strong><\/p>\r\n\r\n<div class=\"item--description\">Industriestra\u00dfe 8\r\n78234 Engen &#8211; Germany<\/div>\r\n<div><\/div>\r\n&nbsp;\r\n\r\n<strong>Unser franz\u00f6sisches B\u00fcro:<\/strong>\r\n<div class=\"item--description\">7b avenue de la Gare\r\n67150 Erstein &#8211; France<\/div>\r\n[\/vc_column_text][\/vc_column][vc_column width=&#8220;3\/4&#8243;]\n<div class=\"wpcf7 no-js\" id=\"wpcf7-f6613-o1\" lang=\"de-DE\" dir=\"ltr\" data-wpcf7-id=\"6613\">\n<div class=\"screen-reader-response\"><p role=\"status\" aria-live=\"polite\" aria-atomic=\"true\"><\/p> <ul><\/ul><\/div>\n<form action=\"\/de\/wp-json\/wp\/v2\/pages\/6437#wpcf7-f6613-o1\" method=\"post\" class=\"wpcf7-form init\" aria-label=\"Kontaktformular\" novalidate=\"novalidate\" data-status=\"init\">\n<fieldset class=\"hidden-fields-container\"><input type=\"hidden\" name=\"_wpcf7\" value=\"6613\" \/><input type=\"hidden\" name=\"_wpcf7_version\" value=\"6.1.5\" \/><input type=\"hidden\" name=\"_wpcf7_locale\" value=\"de_DE\" \/><input type=\"hidden\" name=\"_wpcf7_unit_tag\" value=\"wpcf7-f6613-o1\" \/><input type=\"hidden\" name=\"_wpcf7_container_post\" value=\"0\" \/><input type=\"hidden\" name=\"_wpcf7_posted_data_hash\" value=\"\" \/>\n<\/fieldset>\n<p><label> Ihr Name (erforderlich)<br \/>\n<span class=\"wpcf7-form-control-wrap\" data-name=\"your-name\"><input size=\"40\" maxlength=\"400\" class=\"wpcf7-form-control wpcf7-text wpcf7-validates-as-required\" aria-required=\"true\" aria-invalid=\"false\" value=\"\" type=\"text\" name=\"your-name\" \/><\/span> <\/label>\n<\/p>\n<p><label> Ihre E-Mail (erforderlich)<br \/>\n<span class=\"wpcf7-form-control-wrap\" data-name=\"your-email\"><input size=\"40\" maxlength=\"400\" class=\"wpcf7-form-control wpcf7-email wpcf7-validates-as-required wpcf7-text wpcf7-validates-as-email\" aria-required=\"true\" aria-invalid=\"false\" value=\"\" type=\"email\" name=\"your-email\" \/><\/span> <\/label>\n<\/p>\n<p><label> Thema<br \/>\n<span class=\"wpcf7-form-control-wrap\" data-name=\"your-subject\"><input size=\"40\" maxlength=\"400\" class=\"wpcf7-form-control wpcf7-text\" aria-invalid=\"false\" value=\"\" type=\"text\" name=\"your-subject\" \/><\/span> <\/label>\n<\/p>\n<p><label> Ihre Nachricht<br \/>\n<span class=\"wpcf7-form-control-wrap\" data-name=\"your-message\"><textarea cols=\"40\" rows=\"10\" maxlength=\"2000\" class=\"wpcf7-form-control wpcf7-textarea\" aria-invalid=\"false\" name=\"your-message\"><\/textarea><\/span> <\/label><br \/>\n<span id=\"wpcf7-69f3273ed0aab-wrapper\" class=\"wpcf7-form-control-wrap street-wrap\" style=\"display:none !important; visibility:hidden !important;\"><label for=\"wpcf7-69f3273ed0aab-field\" class=\"hp-message\">Bitte lasse dieses Feld leer.<\/label><input id=\"wpcf7-69f3273ed0aab-field\"  class=\"wpcf7-form-control wpcf7-text\" type=\"text\" name=\"street\" value=\"\" size=\"40\" tabindex=\"-1\" autocomplete=\"new-password\" \/><\/span>\n<\/p>\n<p><span class=\"wpcf7-form-control-wrap\" data-name=\"your-consent\"><span class=\"wpcf7-form-control wpcf7-acceptance\"><span class=\"wpcf7-list-item\"><label><input type=\"checkbox\" name=\"your-consent\" value=\"1\" aria-invalid=\"false\" \/><span class=\"wpcf7-list-item-label\">Ich habe die <a href=\"\/imprint-privacy-policy\/\" target=\"_blank\">Datenschutzbestimmungen<\/a> von IIC Innovative International Consulting gelesen und stimme ihnen zu!<\/span><\/label><\/span><\/span><\/span>\n<\/p>\n<p><input class=\"wpcf7-form-control wpcf7-submit has-spinner\" type=\"submit\" value=\"Nachricht senden\" \/>\n<\/p><div class=\"wpcf7-response-output\" aria-hidden=\"true\"><\/div>\n<\/form>\n<\/div>\n[\/vc_column][\/vc_row]<!-- \/wp:post-content --><\/div>","protected":false},"excerpt":{"rendered":"<p>[vc_row][vc_column width=&#8220;1\/4&#8243;][vc_column_text css=&#8220;&#8220;] Phone +49 7733 982 91-500 +33 (3) 88 59 83 52 &nbsp; Email info@iic-global.net EMEA@iic-global.net &nbsp; Addressen Unsere deutsches B\u00fcro: Industriestra\u00dfe 8 78234 Engen &#8211; Germany &nbsp; Unser franz\u00f6sisches B\u00fcro: 7b avenue de la Gare 67150 Erstein &#8211; France [\/vc_column_text][\/vc_column][vc_column width=&#8220;3\/4&#8243;][\/vc_column][\/vc_row]<\/p>\n","protected":false},"author":1,"featured_media":0,"parent":0,"menu_order":70,"comment_status":"closed","ping_status":"closed","template":"","meta":{"footnotes":""},"class_list":["post-6437","page","type-page","status-publish","hentry","description-off"],"_links":{"self":[{"href":"https:\/\/www.iic-global.net\/de\/wp-json\/wp\/v2\/pages\/6437","targetHints":{"allow":["GET"]}}],"collection":[{"href":"https:\/\/www.iic-global.net\/de\/wp-json\/wp\/v2\/pages"}],"about":[{"href":"https:\/\/www.iic-global.net\/de\/wp-json\/wp\/v2\/types\/page"}],"author":[{"embeddable":true,"href":"https:\/\/www.iic-global.net\/de\/wp-json\/wp\/v2\/users\/1"}],"replies":[{"embeddable":true,"href":"https:\/\/www.iic-global.net\/de\/wp-json\/wp\/v2\/comments?post=6437"}],"version-history":[{"count":2,"href":"https:\/\/www.iic-global.net\/de\/wp-json\/wp\/v2\/pages\/6437\/revisions"}],"predecessor-version":[{"id":7931,"href":"https:\/\/www.iic-global.net\/de\/wp-json\/wp\/v2\/pages\/6437\/revisions\/7931"}],"wp:attachment":[{"href":"https:\/\/www.iic-global.net\/de\/wp-json\/wp\/v2\/media?parent=6437"}],"curies":[{"name":"wp","href":"https:\/\/api.w.org\/{rel}","templated":true}]}}