{"id":7056,"date":"2024-01-24T11:31:35","date_gmt":"2024-01-24T10:31:35","guid":{"rendered":"https:\/\/www.iic-global.net\/?page_id=7056"},"modified":"2025-10-24T09:44:43","modified_gmt":"2025-10-24T07:44:43","slug":"kooperationen-mit-vertriebs-und-implementierungspartnern","status":"publish","type":"page","link":"https:\/\/www.iic-global.net\/de\/kooperationen-mit-vertriebs-und-implementierungspartnern\/","title":{"rendered":"Business Partner"},"content":{"rendered":"<div class=\"wpb-content-wrapper\"><div id=\"pl-7056\"  class=\"panel-layout\" ><div id=\"pg-7056-0\"  class=\"panel-grid panel-no-style\" ><div id=\"pgc-7056-0-0\"  class=\"panel-grid-cell\" ><div id=\"panel-7056-0-0-0\" class=\"so-panel widget widget_sow-editor panel-first-child panel-last-child\" data-index=\"0\" ><div\n\t\t\t\n\t\t\tclass=\"so-widget-sow-editor so-widget-sow-editor-base\"\n\t\t\t\n\t\t>\n<div class=\"siteorigin-widget-tinymce textwidget\">\n\t<p>[vc_row][vc_column][vc_column_text]<\/p>\n<h4><!-- wp:paragraph --><br \/><img loading=\"lazy\" decoding=\"async\" class=\"alignleft wp-image-6186\" style=\"width: 233px;\" src=\"https:\/\/www.iic-global.net\/wp-content\/uploads\/2022\/01\/Partner2.png\" alt=\"Channel Sales\" width=\"332\" height=\"233\" \/>Partnervertrieb, Channel Sales, Distributoren<\/h4>\n<p>Der Vertrieb spielt eine entscheidende Rolle f\u00fcr den weltweiten Erfolg internationaler Technologieunternehmen, indem sie ein robustes und effizientes Vertriebsnetzwerk aufbauen. Inmitten stark umk\u00e4mpfter M\u00e4rkte ist es unerl\u00e4sslich, auf erfahrene Vertriebspartner zu setzen, um die Reichweite zu maximieren und <strong>erfolgreich in unterschiedliche regionale und technologische M\u00e4rkte vorzudringen<\/strong>. Die Nutzung von Vertriebskan\u00e4len erm\u00f6glicht es Technologieunternehmen, auf das lokale Fachwissen und die etablierten Netzwerke ihrer Partner zur\u00fcckzugreifen, was einen <strong>reibungslosen Markteintritt<\/strong> und eine <strong>Anpassung an kulturelle Nuancen<\/strong> erleichtert. Dar\u00fcber hinaus k\u00f6nnen internationale Technologieunternehmen durch den gezielten Einsatz von Channel-Strategien ihre Ressourcen optimieren, den Anpassungs- und Implementierungsprozess an erfahrene Partner auslagern und sich so auf ihre Kernkompetenzen konzentrieren, um ein beschleunigtes Wachstum durch effektives regionales Marketing zu erzielen.<\/p>\n<p><!-- \/wp:paragraph --><\/p>\n<p><!-- wp:heading {\"level\":4} -->\u00a0<\/p>\n<p>[\/vc_column_text][\/vc_column][\/vc_row][vc_row][vc_column width=\"1\/2\"][vc_column_text]<\/p>\n<h4 class=\"wp-block-heading\">Unsere Leistungen - Der Benefit f\u00fcr unsere Kunden<\/h4>\n<p><!-- \/wp:heading --><!-- wp:list --><\/p>\n<ul>\n<li><strong>Workshop<\/strong> zur Erarbeitung der Strategie und des Zielmarktes<\/li>\n<li><span style=\"font-style: normal; font-variant-caps: normal;\">Erste Marktanalyse \/ <\/span><strong>Grobkonzept<\/strong><span style=\"font-style: normal; font-variant-caps: normal;\"> des Vorgehens abh\u00e4ngig vom Workshop<\/span><\/li>\n<li><strong>Longlist<\/strong><span style=\"font-style: normal; font-variant-caps: normal;\"> auf Basis des Grobkonzeptes<\/span><\/li>\n<li><span style=\"font-style: normal; font-variant-caps: normal;\">Erste <\/span><strong>Testansprache<\/strong><span style=\"font-style: normal; font-variant-caps: normal;\"> des definierten Markt<\/span><\/li>\n<li>Verfeinerung der Ansprache des Marktes, ggf. Korrektur der Zieldefinition<\/li>\n<li>zeitlich klar begrenzte Ansprache <strong>(Rekruiting von Partnern<\/strong>) des Marktes<\/li>\n<\/ul>\n<ul>\n<li style=\"list-style-type: none;\">\u00a0<\/li>\n<\/ul>\n<p><!-- \/wp:list-item --><\/p>\n<p>[\/vc_column_text][vc_column_text]<\/p>\n<h4>Unsere Kompetenz\u00a0<\/h4>\n<p>Die jahrelange Erfahrung resultiert mit einem klar strukturierten Vorgehen sowie einer Transparenz in der qualitativen Kommunikation sowohl zum Kunden als auch zu den angesprochenen Kandidaten.<\/p>\n<p>[\/vc_column_text][\/vc_column][vc_column width=\"1\/2\"][vc_single_image image=\"7085\" img_size=\"large\"][\/vc_column][\/vc_row][vc_row][vc_column][vc_column_text]<!-- \/wp:paragraph --><\/p>\n<div class=\"wp-block-columns\">\u00a0<\/div>\n<p>[\/vc_column_text][\/vc_column][\/vc_row]<\/p>\n<\/div>\n<\/div><\/div><\/div><\/div><\/div><\/div>","protected":false},"excerpt":{"rendered":"<p>[vc_row][vc_column][vc_column_text] Partnervertrieb, Channel Sales, Distributoren Der Vertrieb spielt eine entscheidende Rolle f\u00fcr den weltweiten Erfolg internationaler Technologieunternehmen, indem sie ein robustes und effizientes Vertriebsnetzwerk aufbauen. Inmitten stark umk\u00e4mpfter M\u00e4rkte ist es unerl\u00e4sslich, auf erfahrene Vertriebspartner zu setzen, um die Reichweite zu maximieren und erfolgreich in unterschiedliche regionale und technologische M\u00e4rkte vorzudringen. Die Nutzung von Vertriebskan\u00e4len&hellip;<\/p>\n","protected":false},"author":1,"featured_media":6186,"parent":0,"menu_order":0,"comment_status":"closed","ping_status":"closed","template":"","meta":{"footnotes":""},"class_list":["post-7056","page","type-page","status-publish","has-post-thumbnail","hentry","description-off"],"_links":{"self":[{"href":"https:\/\/www.iic-global.net\/de\/wp-json\/wp\/v2\/pages\/7056","targetHints":{"allow":["GET"]}}],"collection":[{"href":"https:\/\/www.iic-global.net\/de\/wp-json\/wp\/v2\/pages"}],"about":[{"href":"https:\/\/www.iic-global.net\/de\/wp-json\/wp\/v2\/types\/page"}],"author":[{"embeddable":true,"href":"https:\/\/www.iic-global.net\/de\/wp-json\/wp\/v2\/users\/1"}],"replies":[{"embeddable":true,"href":"https:\/\/www.iic-global.net\/de\/wp-json\/wp\/v2\/comments?post=7056"}],"version-history":[{"count":1,"href":"https:\/\/www.iic-global.net\/de\/wp-json\/wp\/v2\/pages\/7056\/revisions"}],"predecessor-version":[{"id":7954,"href":"https:\/\/www.iic-global.net\/de\/wp-json\/wp\/v2\/pages\/7056\/revisions\/7954"}],"wp:featuredmedia":[{"embeddable":true,"href":"https:\/\/www.iic-global.net\/de\/wp-json\/wp\/v2\/media\/6186"}],"wp:attachment":[{"href":"https:\/\/www.iic-global.net\/de\/wp-json\/wp\/v2\/media?parent=7056"}],"curies":[{"name":"wp","href":"https:\/\/api.w.org\/{rel}","templated":true}]}}