{"id":7067,"date":"2024-01-24T13:33:39","date_gmt":"2024-01-24T12:33:39","guid":{"rendered":"https:\/\/www.iic-global.net\/?page_id=7067"},"modified":"2024-01-26T13:11:44","modified_gmt":"2024-01-26T12:11:44","slug":"mergers-acquisition","status":"publish","type":"page","link":"https:\/\/www.iic-global.net\/de\/mergers-acquisition\/","title":{"rendered":"Mergers &#038; Acquisition"},"content":{"rendered":"<div class=\"wpb-content-wrapper\"><p>[vc_row][vc_column][vc_column_text]<\/p>\r\n<h4>Kompetentes Netzwerk &#8211; Effiziente Kontakte<img loading=\"lazy\" decoding=\"async\" class=\" wp-image-6114 alignleft\" src=\"https:\/\/www.iic-global.net\/wp-content\/uploads\/2021\/09\/MA-300x300.png\" alt=\"\" width=\"257\" height=\"257\" srcset=\"https:\/\/www.iic-global.net\/wp-content\/uploads\/2021\/09\/MA-300x300.png 300w, https:\/\/www.iic-global.net\/wp-content\/uploads\/2021\/09\/MA-150x150.png 150w, https:\/\/www.iic-global.net\/wp-content\/uploads\/2021\/09\/MA.png 332w\" sizes=\"auto, (max-width: 257px) 100vw, 257px\" \/><span style=\"font-weight: normal;\">\u00a0<\/span><\/h4>\r\n<p><span style=\"font-weight: normal;\">Mit \u00fcber 20 Jahren Erfahrung in den Software- und Technologiem\u00e4rkten sind wir darauf spezialisiert, f\u00fcr unsere Kunden ma\u00dfgeschneiderte L\u00f6sungen im Bereich Mergers &amp; Akquisition zu entwickeln. Unser Fokus liegt nicht nur auf dem Verkauf von Unternehmenswerten, sondern auch auf der Ber\u00fccksichtigung von Produktideen und dem Wohlergehen der Mitarbeiter innerhalb der Unternehmen. Unser Ziel ist es, die passenden K\u00e4ufer zu finden, die den Wert sch\u00e4tzen und eine kontinuierliche Weiterentwicklung f\u00fcr die Mitarbeiter <\/span><span style=\"font-weight: normal;\">sicherstellen.<\/span><\/p>\r\n<!-- \/wp:post-content -->\r\n<h4>Verkauf von Unternehmen<\/h4>\r\n<p><!-- wp:paragraph -->Aus <strong>Sicht eines Verk\u00e4ufer<\/strong> beginnen wir mit einer gr\u00fcndlichen Analyse der Unternehmens- und Produktpositionierung, der Zielausrichtung und Strategie. Auf dieser Grundlage erstellen wir eine Shortlist potenzieller Unternehmen, die den Anforderungen entsprechen. In enger Abstimmung mit unseren Kunden besprechen wir diese Liste intensiv, um die Priorit\u00e4ten festzulegen. Anschlie\u00dfend erfolgt die gezielte Ansprache potenzieller K\u00e4ufer orientiert an der festgelegten Priorit\u00e4t. Unsere langj\u00e4hrige Erfahrung zeigt, dass ein fundiertes Wissen \u00fcber Produkte, Technologien und den Zusammenh\u00e4ngen in den M\u00e4rkten entscheidend ist, um die Gespr\u00e4che mit einer passgenauen Argumentation effizient voranzutreiben.<\/p>\r\n<h4>Kauf von Unternehmen<\/h4>\r\n<!-- \/wp:paragraph -->\r\n<p><!-- wp:paragraph -->Auch aus <strong>Sicht eines K\u00e4ufers<\/strong> nehmen wir Auftr\u00e4ge von Unternehmen entgegen, die uns mit einem Profil potenzieller Verkaufsinteressenten kontaktieren. Dabei legen wir besonderen Wert darauf, die Strategie des Kaufes genau zu verstehen, um effizient die geeigneten Unternehmen zu identifizieren. Unsere Erfahrung und historische Expertise erm\u00f6glichen es uns, Strategien \u00fcberzeugend zu argumentieren und Ideen f\u00fcr Zusammenarbeit sowie die Erschlie\u00dfung zuk\u00fcnftiger M\u00e4rkte effektiv zu kommunizieren.<\/p>\r\n<!-- \/wp:paragraph -->\r\n<p><!-- wp:paragraph -->Als vermittelnde Berater verstehen wir uns als Experten mit fundierten Kenntnissen der M\u00e4rkte, Entwicklungen und umfangreichen Kontakten. Unsere Mission ist es, f\u00fcr unsere Kunden optimale L\u00f6sungen zu schaffen und den Erfolg in einer sich st\u00e4ndig wandelnden Gesch\u00e4ftswelt zu gew\u00e4hrleisten.<\/p>\r\n<!-- \/wp:paragraph -->\r\n<p>&nbsp;<\/p>\r\n<p>[\/vc_column_text][\/vc_column][\/vc_row]<\/p><\/div>","protected":false},"excerpt":{"rendered":"<p>[vc_row][vc_column][vc_column_text] Kompetentes Netzwerk &#8211; Effiziente Kontakte\u00a0 Mit \u00fcber 20 Jahren Erfahrung in den Software- und Technologiem\u00e4rkten sind wir darauf spezialisiert, f\u00fcr unsere Kunden ma\u00dfgeschneiderte L\u00f6sungen im Bereich Mergers &amp; Akquisition zu entwickeln. Unser Fokus liegt nicht nur auf dem Verkauf von Unternehmenswerten, sondern auch auf der Ber\u00fccksichtigung von Produktideen und dem Wohlergehen der Mitarbeiter innerhalb&hellip;<\/p>\n","protected":false},"author":1,"featured_media":0,"parent":0,"menu_order":0,"comment_status":"closed","ping_status":"closed","template":"","meta":{"footnotes":""},"class_list":["post-7067","page","type-page","status-publish","hentry","description-off"],"_links":{"self":[{"href":"https:\/\/www.iic-global.net\/de\/wp-json\/wp\/v2\/pages\/7067","targetHints":{"allow":["GET"]}}],"collection":[{"href":"https:\/\/www.iic-global.net\/de\/wp-json\/wp\/v2\/pages"}],"about":[{"href":"https:\/\/www.iic-global.net\/de\/wp-json\/wp\/v2\/types\/page"}],"author":[{"embeddable":true,"href":"https:\/\/www.iic-global.net\/de\/wp-json\/wp\/v2\/users\/1"}],"replies":[{"embeddable":true,"href":"https:\/\/www.iic-global.net\/de\/wp-json\/wp\/v2\/comments?post=7067"}],"version-history":[{"count":0,"href":"https:\/\/www.iic-global.net\/de\/wp-json\/wp\/v2\/pages\/7067\/revisions"}],"wp:attachment":[{"href":"https:\/\/www.iic-global.net\/de\/wp-json\/wp\/v2\/media?parent=7067"}],"curies":[{"name":"wp","href":"https:\/\/api.w.org\/{rel}","templated":true}]}}