{"id":7256,"date":"2024-02-02T13:51:50","date_gmt":"2024-02-02T12:51:50","guid":{"rendered":"https:\/\/www.iic-global.net\/?page_id=7256"},"modified":"2024-02-05T08:43:24","modified_gmt":"2024-02-05T07:43:24","slug":"way-to-usa","status":"publish","type":"page","link":"https:\/\/www.iic-global.net\/de\/way-to-usa\/","title":{"rendered":"Die Strategie f\u00fcr USA"},"content":{"rendered":"\n<div class=\"wp-block-group\"><div class=\"wp-block-group__inner-container is-layout-constrained wp-block-group-is-layout-constrained\">\n<div class=\"wp-block-columns is-layout-flex wp-container-core-columns-is-layout-9d6595d7 wp-block-columns-is-layout-flex\">\n<div class=\"wp-block-column is-layout-flow wp-block-column-is-layout-flow\" style=\"flex-basis:33.33%\"><div class=\"wp-block-image\">\n<figure class=\"alignleft size-medium is-resized\"><img loading=\"lazy\" decoding=\"async\" width=\"300\" height=\"178\" src=\"https:\/\/www.iic-global.net\/wp-content\/uploads\/2020\/10\/usa-flagge-web-300x178.png\" alt=\"USA\" class=\"wp-image-6134\" style=\"width:239px;height:auto\" srcset=\"https:\/\/www.iic-global.net\/wp-content\/uploads\/2020\/10\/usa-flagge-web-300x178.png 300w, https:\/\/www.iic-global.net\/wp-content\/uploads\/2020\/10\/usa-flagge-web-768x457.png 768w, https:\/\/www.iic-global.net\/wp-content\/uploads\/2020\/10\/usa-flagge-web.png 960w\" sizes=\"auto, (max-width: 300px) 100vw, 300px\" \/><\/figure>\n<\/div><\/div>\n\n\n\n<div class=\"wp-block-column is-layout-flow wp-block-column-is-layout-flow\" style=\"flex-basis:90%\">\n<h4 class=\"wp-block-heading\">Erfolgreicher Markteintritt<\/h4>\n\n\n\n<p>IIC ist seit vielen Jahren im ICT und Technologiemarkt aktiv in unterschiedlichen Regionen und mit dem Aufbau von Partnerschaften und Firmenkontakten befasst.<\/p>\n\n\n\n<p>Die Dimension der USA sowie die heterogene Landschaft, wenn wir die einzelnen Bundesstaaten betrachten, f\u00fchrt bei IIC zu einem strategisch etwas anderen Vorgehen, um erfolgreich zu sein.<\/p>\n<\/div>\n<\/div>\n<\/div><\/div>\n\n\n\n<p><\/p>\n\n\n\n<h4 class=\"wp-block-heading\">USA ist etwas Besonderes<\/h4>\n\n\n\n<p>Wir starten mit einem Workshop zur klaren Identifikation des Anforderungsprofils und dem Entwickeln bzw. Abstimmen der erfolgreichen Markteintrittsstrategie. Welcher Bundesstaat macht Sinn? Welche Arten von Partnern mit welchen Marktzug\u00e4ngen machen Sinn? Wer sind die Marktbegeleiter? Welche regulative beeinflussen die Kaufentscheidungen im Zielmarkt?&#8230;<\/p>\n\n\n\n<p>Als n\u00e4chsten Schritt sind wir in der Lage f\u00fcr unsere Kunden eine Firma in USA zu gr\u00fcnden, &nbsp;eine Location zur Verf\u00fcgung zu stellen, interimsweise zu leiten, Mitarbeiter und Partner in dem definierten Zielmarkt zu rekrutieren und so den Erfolg Ihres Unternehmen in dem Zielmarkt USA sicherzustellen.<\/p>\n\n\n\n<p>Unsere Kollegen sind erfahrene USA Kenner, Rechtsanw\u00e4lte, Vertriebsprofies und ehemaliger CEO der Deutsch-Amerikanischen-Handelskammer an der US Westk\u00fcste, die schon in der Vergangenheit vielen Unternehmen den Weg in die USA erfolgreich geebnet haben.<br>Sprechen Sie mit uns, wir k\u00f6nnen Ihnen helfen!<\/p>\n\n\n\n<h4 class=\"wp-block-heading\">Unsere Leistungen:<\/h4>\n\n\n\n<ul class=\"wp-block-list\">\n<li>Markteintrittsstrategie<\/li>\n\n\n\n<li>Firmengr\u00fcndung<\/li>\n\n\n\n<li>Locationservice<\/li>\n\n\n\n<li>Mitarbeiter Rekruiting<\/li>\n\n\n\n<li>Partner Rekruting \/ Kontaktanbahnung<\/li>\n\n\n\n<li>Interims Management<\/li>\n<\/ul>\n","protected":false},"excerpt":{"rendered":"<p>Erfolgreicher Markteintritt IIC ist seit vielen Jahren im ICT und Technologiemarkt aktiv in unterschiedlichen Regionen und mit dem Aufbau von Partnerschaften und Firmenkontakten befasst. Die Dimension der USA sowie die heterogene Landschaft, wenn wir die einzelnen Bundesstaaten betrachten, f\u00fchrt bei IIC zu einem strategisch etwas anderen Vorgehen, um erfolgreich zu sein. USA ist etwas Besonderes&hellip;<\/p>\n","protected":false},"author":1,"featured_media":0,"parent":0,"menu_order":0,"comment_status":"closed","ping_status":"closed","template":"","meta":{"footnotes":""},"class_list":["post-7256","page","type-page","status-publish","hentry","description-off"],"_links":{"self":[{"href":"https:\/\/www.iic-global.net\/de\/wp-json\/wp\/v2\/pages\/7256","targetHints":{"allow":["GET"]}}],"collection":[{"href":"https:\/\/www.iic-global.net\/de\/wp-json\/wp\/v2\/pages"}],"about":[{"href":"https:\/\/www.iic-global.net\/de\/wp-json\/wp\/v2\/types\/page"}],"author":[{"embeddable":true,"href":"https:\/\/www.iic-global.net\/de\/wp-json\/wp\/v2\/users\/1"}],"replies":[{"embeddable":true,"href":"https:\/\/www.iic-global.net\/de\/wp-json\/wp\/v2\/comments?post=7256"}],"version-history":[{"count":0,"href":"https:\/\/www.iic-global.net\/de\/wp-json\/wp\/v2\/pages\/7256\/revisions"}],"wp:attachment":[{"href":"https:\/\/www.iic-global.net\/de\/wp-json\/wp\/v2\/media?parent=7256"}],"curies":[{"name":"wp","href":"https:\/\/api.w.org\/{rel}","templated":true}]}}