{"id":6477,"date":"2022-01-11T18:34:17","date_gmt":"2022-01-11T17:34:17","guid":{"rendered":"http:\/\/intern.iic-international.net\/aviso-legal-y-politica-de-privacidad\/"},"modified":"2024-03-25T16:03:54","modified_gmt":"2024-03-25T15:03:54","slug":"aviso-legal-y-politica-de-privacidad","status":"publish","type":"page","link":"https:\/\/www.iic-global.net\/es\/aviso-legal-y-politica-de-privacidad\/","title":{"rendered":"Aviso legal y pol\u00edtica de privacidad"},"content":{"rendered":"<div class=\"wpb-content-wrapper\"><p>[vc_row][vc_column width=\u00bb1\/4&#8243;][vc_column_text]Responsabilidad de este sitio web con respecto a la ley de telemarketing y los contratos de medios de comunicaci\u00f3n:<\/p>\n<p><b>IIC &#8211; Innovative International Consulting GmbH &amp; Co. KG  <\/b><\/p>\n<p>Calle Industriestra\u00dfe 8<br \/>\nD-78234 Engen<\/p>\n<p>Tel: +49 7733 982 915 00<br \/>\nFax: +49 7733 982 915 99<\/p>\n<p><a target=\"_blank\" rel=\"noopener noreferrer\">info(at)iic-global.net<\/a><\/p>\n<p>Registro de empresas:<br \/>\nAmtsgericht Freiburg HRA 541017<br \/>\nOficina de impuestos de Singen, n\u00famero de impuesto 18203 \/ 29180<br \/>\nN\u00daMERO DE IDENTIFICACI\u00d3N DEL IVA: DE 228978687<\/p>\n<p>Banco: Sparkasse Engen &#8211; Gottmadingen<br \/>\nIBAN: DE48 6925 1445 0005 3866 10<\/p>\n<p>Responsabilidad personal:<\/p>\n<p>IIC Verwaltung GmbH, Engen &#8211; Director General: Werner Bezikofer &#8211; HRB 541962 AG Freiburg<\/p>\n<p>Otros sitios web correspondientes:<\/p>\n<p><a href=\"https:\/\/www.personal-poi.com\/\">www.personal-poi.com<\/a><\/p>\n<p><a href=\"https:\/\/www.itintell.org\/\">www.itintell.org<\/a><\/p>\n<p><a href=\"https:\/\/www.mybeen.com\/\">www.mybeen.com<\/a><\/p>\n<p><a href=\"https:\/\/www.innovative-ic.com\/\">www.innovative-ic.com<\/a><\/p>\n<p>Dise\u00f1o art\u00edstico (gr\u00e1fico de cabecera):<br \/>\nWerbeagentur RevoLUZion &#8211; <a href=\"http:\/\/www.revoluzion.de\/\">www.revoLUZion.de<\/a> &#8211; Bernd Luz<\/p>\n<h5>Derechos de autor, responsabilidad, responsabilidad&#8230;<\/h5>\n<p>&#8230; para la maquetaci\u00f3n de la presentaci\u00f3n web, los gr\u00e1ficos utilizados y la recopilaci\u00f3n de los art\u00edculos tienen derechos de autor. Las p\u00e1ginas s\u00f3lo pueden copiarse para uso privado. No se permite ninguna alteraci\u00f3n, ni la distribuci\u00f3n o el uso de copias para su reproducci\u00f3n p\u00fablica. Los informes individuales tambi\u00e9n est\u00e1n protegidos por los derechos de autor; si es necesario, se pueden leer otras referencias all\u00ed. Toda la informaci\u00f3n de este servidor se proporciona sin ninguna garant\u00eda de su exactitud. No se acepta ninguna responsabilidad por los da\u00f1os resultantes del uso de la informaci\u00f3n consultada. Contenido de la presentaci\u00f3n en Internet: La CII no se hace responsable de la actualizaci\u00f3n, correcci\u00f3n, integridad o calidad de la informaci\u00f3n proporcionada.<\/p>\n<p>Quedan excluidas por principio las reclamaciones de responsabilidad contra el IIC relativas a da\u00f1os materiales o intelectuales resultantes del uso o no uso de la informaci\u00f3n proporcionada o del uso de informaci\u00f3n incorrecta e incompleta, a menos que se demuestre que el IIC es culpable de un comportamiento deliberado o gravemente negligente. Las ofertas realizadas est\u00e1n sujetas a confirmaci\u00f3n y no son vinculantes. La CII se reserva expresamente el derecho de modificar, complementar o suprimir el sitio web o partes del mismo o de suspender temporal o definitivamente su publicaci\u00f3n sin previo aviso. Efecto legal: Si alguna de las secciones o frases individuales de este texto no cumple con los requisitos legales aplicables en su totalidad o en parte, esto no afectar\u00e1 al contenido o a la validez de ninguna manera.[\/vc_column_text][\/vc_column][vc_column width=\u00bb3\/4&#8243;][vc_column_text]<\/p>\n<h5><b>Pol\u00edtica de privacidad<\/b><\/h5>\n<p>Nota general e informaci\u00f3n obligatoria<\/p>\n<p><strong>Designaci\u00f3n del organismo responsable<\/strong><\/p>\n<p>La unidad de tratamiento de datos responsable de este sitio web es:<\/p>\n<p>IIC Innovative International Consulting GmbH &amp; Co. KG<\/p>\n<p>Werner Bezikofer<\/p>\n<p>Calle Industriestra\u00dfe 8<\/p>\n<p>78234 Engen &#8211; Alemania<\/p>\n<p>El organismo responsable, solo o en concierto con otros, decide los fines y medios del tratamiento de los datos personales (como nombres, datos de contacto, etc.).<\/p>\n<p><b>Revocaci\u00f3n de su consentimiento para el tratamiento de datos<\/b><\/p>\n<p>S\u00f3lo con su consentimiento expreso son posibles algunos procesos de tratamiento de datos. La revocaci\u00f3n de su consentimiento ya dado es posible en cualquier momento. Para la revocaci\u00f3n es suficiente un mensaje informal por correo electr\u00f3nico. La legalidad del tratamiento de datos realizado hasta la revocaci\u00f3n no se ve afectada por \u00e9sta.<\/p>\n<p><b>Derecho a reclamar ante la autoridad competente<\/b><\/p>\n<p>Como persona afectada, en caso de infracci\u00f3n de la ley de protecci\u00f3n de datos, tiene derecho a recurrir a la autoridad de control competente. La autoridad de control competente en materia de protecci\u00f3n de datos es el responsable de la protecci\u00f3n de datos del estado federado en el que se encuentra la sede de nuestra empresa. El siguiente enlace ofrece una lista de responsables de la protecci\u00f3n de datos y sus datos de contacto: https:\/\/www.bfdi.bund.de\/DE\/Infothek\/Anschriften_Links\/anschriften_links-node.html.<\/p>\n<p><b>Derecho a la portabilidad de los datos<\/b><\/p>\n<p>Tiene derecho a que los datos que tratamos sobre la base de su consentimiento o en cumplimiento de un contrato se le comuniquen autom\u00e1ticamente a usted o a terceros. La disposici\u00f3n se hace en un formato legible por m\u00e1quina. Si requiere la transferencia directa de los datos a otro responsable, s\u00f3lo se har\u00e1 en la medida en que sea t\u00e9cnicamente posible.<\/p>\n<p><b>Cifrado SSL o TLS<\/b><\/p>\n<p>Por razones de seguridad y para proteger la transmisi\u00f3n de contenidos confidenciales que usted nos env\u00eda como operador del sitio, nuestro sitio web utiliza un SSL o. Encriptaci\u00f3n TLS. Por lo tanto, los datos que usted env\u00eda a trav\u00e9s de este sitio web, para otros no legibles. Reconocer\u00e1 una conexi\u00f3n cifrada en la barra de direcciones \u00abhttps: \/\/\u00bb de su navegador y en el icono del candado de la barra del navegador.<\/p>\n<p><b>Archivos de registro del servidor<\/b><\/p>\n<p>En los archivos de registro del servidor, el proveedor del sitio web recoge y almacena autom\u00e1ticamente la informaci\u00f3n que su navegador nos env\u00eda autom\u00e1ticamente. Estos son:<\/p>\n<p>Tipo de navegador y versi\u00f3n del mismo<\/p>\n<p>Sistema operativo utilizado<\/p>\n<p>URL de referencia<\/p>\n<p>Nombre del host del ordenador de acceso<\/p>\n<p>Hora de la solicitud del servidor<\/p>\n<p>Direcci\u00f3n IP<\/p>\n<p>No hay fusi\u00f3n de estos datos con otras fuentes de datos. La base para el tratamiento de datos es el Art. 6 para. 1 lit. b DSGVO, que permite el tratamiento de datos para cumplir un contrato o medidas precontractuales.<\/p>\n<p><b>formulario de contacto<\/b><\/p>\n<p>Los datos enviados a trav\u00e9s del formulario de contacto, incluidos sus datos de contacto, se almacenar\u00e1n para procesar su solicitud o para estar disponibles para preguntas de seguimiento. La divulgaci\u00f3n de estos datos no tendr\u00e1 lugar sin su consentimiento.<\/p>\n<p>El tratamiento de los datos introducidos en el formulario de contacto se realiza exclusivamente sobre la base de su consentimiento (Art. 6 (1) lit. DSGVO). La revocaci\u00f3n de su consentimiento ya dado es posible en cualquier momento. Para la revocaci\u00f3n es suficiente un mensaje informal por correo electr\u00f3nico. La legalidad de las operaciones de tratamiento de datos realizadas hasta la revocaci\u00f3n no se ve afectada por \u00e9sta.<\/p>\n<p>Los datos enviados a trav\u00e9s del formulario de contacto permanecer\u00e1n con nosotros hasta que nos pida que los eliminemos, revoque su consentimiento para el almacenamiento o ya no necesite conservar sus datos. Las disposiciones legales obligatorias &#8211; especialmente los periodos de conservaci\u00f3n &#8211; no se ven afectadas.<\/p>\n<p><b>galletas<\/b><\/p>\n<p>Nuestro sitio web utiliza cookies. Se trata de peque\u00f1os archivos de texto que su navegador web almacena en su dispositivo. Las cookies nos ayudan a que nuestra oferta sea m\u00e1s f\u00e1cil de usar, eficaz y segura.<\/p>\n<p>Algunas cookies son \u00abcookies de sesi\u00f3n\u00bb. Dichas cookies se eliminan autom\u00e1ticamente al finalizar la sesi\u00f3n de su navegador. Por otro lado, otras cookies permanecen en su dispositivo hasta que usted mismo las elimina. Estas cookies nos ayudan a reconocerle cuando vuelve a nuestro sitio web.<\/p>\n<p>Con un navegador web moderno, puede controlar, restringir o impedir la instalaci\u00f3n de cookies. Muchos navegadores pueden configurarse para eliminar autom\u00e1ticamente las cookies cuando se cierra el programa. La desactivaci\u00f3n de las cookies puede dar lugar a una funcionalidad limitada de nuestro sitio web.<\/p>\n<p>La instalaci\u00f3n de cookies, que son necesarias para la realizaci\u00f3n de procesos de comunicaci\u00f3n electr\u00f3nica o la prestaci\u00f3n de determinadas funciones deseadas por usted (por ejemplo, la cesta de la compra), tiene lugar sobre la base del Art. 6 para. f DSGVO. Como operador de este sitio web, tenemos un inter\u00e9s leg\u00edtimo en el almacenamiento de cookies para la prestaci\u00f3n t\u00e9cnicamente impecable y sin problemas de nuestros servicios. Si se instalan otras cookies (por ejemplo, para funciones de an\u00e1lisis), se tratar\u00e1n por separado en esta pol\u00edtica de privacidad.<\/p>\n<p><b>Google Analytics<\/b><\/p>\n<p>Nuestro sitio web utiliza funciones del servicio de an\u00e1lisis web Google Analytics. El proveedor de servicios de an\u00e1lisis web es Google Inc, 1600 Amphitheater Parkway, Mountain View, CA 94043, USA.<\/p>\n<p>Google Analytics utiliza \u00abcookies\u00bb. Se trata de peque\u00f1os archivos de texto que su navegador web almacena en su dispositivo y que permiten analizar el uso del sitio web. La informaci\u00f3n generada por las cookies sobre su uso de nuestro sitio web se transmite a un servidor de Google y se almacena all\u00ed. La ubicaci\u00f3n del servidor suele ser Estados Unidos.<\/p>\n<p>Las cookies de Google Analytics se establecen sobre la base del Art. 6 para. 1 lit. f DSGVO. Como operador de este sitio web, tenemos un inter\u00e9s leg\u00edtimo en el an\u00e1lisis del comportamiento de los usuarios con el fin de optimizar nuestro sitio web y posiblemente tambi\u00e9n la publicidad.<\/p>\n<p><b>Anonimizaci\u00f3n de la IP<\/b><\/p>\n<p>Utilizamos Google Analytics junto con la funci\u00f3n de anonimizaci\u00f3n de IP. Garantiza que Google acorte su direcci\u00f3n IP dentro de los estados miembros de la Uni\u00f3n Europea o de otras partes del Acuerdo sobre el Espacio Econ\u00f3mico Europeo antes de transmitirla a Estados Unidos. Puede haber excepciones en las que Google transmita y trunque la direcci\u00f3n IP completa a un servidor de Estados Unidos. Google utilizar\u00e1 esta informaci\u00f3n en nuestro nombre para evaluar su uso del sitio web, para informar sobre la actividad del sitio web y para proporcionarnos otros servicios relacionados con la actividad del sitio web y el uso de Internet. La direcci\u00f3n IP transmitida por Google Analytics no se fusiona con otros datos de Google.<\/p>\n<p><b>Plugin del navegador<\/b><\/p>\n<p>Se puede impedir la instalaci\u00f3n de cookies a trav\u00e9s de su navegador web. Sin embargo, algunas funciones de nuestro sitio web pueden estar restringidas. Del mismo modo, puede evitar la recopilaci\u00f3n de datos relacionados con el uso de su sitio web, incluida su direcci\u00f3n IP y su posterior procesamiento por parte de Google. Esto es posible descargando e instalando el plug-in del navegador accesible a trav\u00e9s del siguiente enlace: https:\/\/tools.google.com\/dlpage\/gaoptout?hl=de.<\/p>\n<p><b>Oposici\u00f3n a la recogida de datos<\/b><\/p>\n<p>Puede evitar la recopilaci\u00f3n de sus datos por parte de Google Analytics haciendo clic en el siguiente enlace. Se establecer\u00e1 una cookie de exclusi\u00f3n para evitar que se recojan sus datos en futuras visitas a nuestro sitio web: Desactivar Google Analytics.<\/p>\n<p>Para obtener m\u00e1s informaci\u00f3n sobre el tratamiento de los datos del usuario en Google Analytics, consulte la pol\u00edtica de privacidad de Google: https:\/\/support.google.com\/analytics\/answer\/6004245?hl=en.<\/p>\n<p><b>procesamiento de pedidos<\/b><\/p>\n<p>Para cumplir plenamente con los requisitos legales de protecci\u00f3n de datos, hemos firmado un acuerdo de procesamiento de contratos con Google.<\/p>\n<p><b>Datos demogr\u00e1ficos en Google Analytics<\/b><\/p>\n<p>Nuestro sitio web utiliza la funci\u00f3n demogr\u00e1fica de Google Analytics. Puede utilizarse para generar informes que contengan declaraciones sobre la edad, el sexo y los intereses de los visitantes del sitio. Estos datos provienen de la publicidad basada en intereses de Google y de los datos de visitantes de terceros. No es posible asignar los datos a una persona concreta. Puedes desactivar esta funci\u00f3n en cualquier momento. Esto es posible a trav\u00e9s de la configuraci\u00f3n de los anuncios en su cuenta de Google o mediante la prohibici\u00f3n general de la recopilaci\u00f3n de sus datos por parte de Google Analytics, como se explica en la secci\u00f3n \u00abObjeci\u00f3n a la recopilaci\u00f3n de datos\u00bb.<\/p>\n<p><b>Google AdWords y Google Conversion Tracking<\/b><\/p>\n<p>Nuestro sitio web utiliza Google AdWords. El proveedor es Google Inc., 1600 Amphitheater Parkway, Mountain View, CA 94043, Estados Unidos.<\/p>\n<p>AdWords es un programa de publicidad en l\u00ednea. Como parte del programa de publicidad en l\u00ednea, trabajamos con el seguimiento de la conversi\u00f3n. Despu\u00e9s de hacer clic en un anuncio publicado por Google, se establecer\u00e1 una cookie para el seguimiento de la conversi\u00f3n. Las cookies son peque\u00f1os archivos de texto que su navegador web almacena en su dispositivo. Las cookies de Google AdWords pierden su validez despu\u00e9s de 30 d\u00edas y no se utilizan para la identificaci\u00f3n personal de los usuarios. En la cookie, Google y nosotros reconocemos que usted hizo clic en un anuncio y fue redirigido a nuestro sitio.<\/p>\n<p>Cada cliente de Google AdWords recibe una cookie diferente. Las cookies no son rastreables a trav\u00e9s de los sitios web de los clientes de AdWords. Las cookies de conversi\u00f3n se utilizan para generar estad\u00edsticas de conversi\u00f3n para los anunciantes de AdWords que utilizan el seguimiento de conversiones. Los clientes de Adwords se enteran de cu\u00e1ntas personas han hecho clic en su anuncio y han sido redirigidas a p\u00e1ginas de etiquetas de seguimiento de conversiones. Sin embargo, los anunciantes de AdWords no reciben informaci\u00f3n que les permita identificarse personalmente. Si no quiere participar en el rastreo, puede oponerse a su uso. Aqu\u00ed est\u00e1 la cookie de conversi\u00f3n en la configuraci\u00f3n del usuario del navegador para desactivar. Por lo tanto, no se incluye en las estad\u00edsticas de seguimiento de la conversi\u00f3n.<\/p>\n<p>El almacenamiento de \u00abcookies de conversi\u00f3n\u00bb se basa en el Art. 6 para. 1 lit. f DSGVO. Nosotros, como operadores del sitio web, tenemos un inter\u00e9s leg\u00edtimo en analizar el comportamiento de los usuarios para optimizar nuestro sitio web y la publicidad.<\/p>\n<p>Para obtener m\u00e1s informaci\u00f3n sobre Google AdWords y el seguimiento de conversiones de Google, consulte la pol\u00edtica de privacidad de Google: https:\/\/www.google.com\/policies\/privacy\/.<\/p>\n<p>Con un navegador web moderno, puede controlar, restringir o impedir la instalaci\u00f3n de cookies. La desactivaci\u00f3n de las cookies puede dar lugar a una funcionalidad limitada de nuestro sitio web.[\/vc_column_text][\/vc_column][\/vc_row]<\/p>\n<\/div>","protected":false},"excerpt":{"rendered":"<p>[vc_row][vc_column width=\u00bb1\/4&#8243;][vc_column_text]Responsabilidad de este sitio web con respecto a la ley de telemarketing y los contratos de medios de comunicaci\u00f3n: IIC &#8211; Innovative International Consulting GmbH &amp; Co. KG Calle Industriestra\u00dfe 8 D-78234 Engen Tel: +49 7733 982 915 00 Fax: +49 7733 982 915 99 info(at)iic-global.net Registro de empresas: Amtsgericht Freiburg HRA 541017 Oficina&hellip;<\/p>\n","protected":false},"author":1,"featured_media":0,"parent":0,"menu_order":0,"comment_status":"closed","ping_status":"closed","template":"","meta":{"footnotes":""},"class_list":["post-6477","page","type-page","status-publish","hentry","description-off"],"_links":{"self":[{"href":"https:\/\/www.iic-global.net\/es\/wp-json\/wp\/v2\/pages\/6477","targetHints":{"allow":["GET"]}}],"collection":[{"href":"https:\/\/www.iic-global.net\/es\/wp-json\/wp\/v2\/pages"}],"about":[{"href":"https:\/\/www.iic-global.net\/es\/wp-json\/wp\/v2\/types\/page"}],"author":[{"embeddable":true,"href":"https:\/\/www.iic-global.net\/es\/wp-json\/wp\/v2\/users\/1"}],"replies":[{"embeddable":true,"href":"https:\/\/www.iic-global.net\/es\/wp-json\/wp\/v2\/comments?post=6477"}],"version-history":[{"count":0,"href":"https:\/\/www.iic-global.net\/es\/wp-json\/wp\/v2\/pages\/6477\/revisions"}],"wp:attachment":[{"href":"https:\/\/www.iic-global.net\/es\/wp-json\/wp\/v2\/media?parent=6477"}],"curies":[{"name":"wp","href":"https:\/\/api.w.org\/{rel}","templated":true}]}}