{"id":7118,"date":"2024-01-24T14:00:14","date_gmt":"2024-01-24T13:00:14","guid":{"rendered":"https:\/\/www.iic-global.net\/cooperacion-con-los-socios-de-ventas-y-ejecucion\/"},"modified":"2024-01-24T14:39:13","modified_gmt":"2024-01-24T13:39:13","slug":"cooperacion-con-los-socios-de-ventas-y-ejecucion","status":"publish","type":"page","link":"https:\/\/www.iic-global.net\/es\/cooperacion-con-los-socios-de-ventas-y-ejecucion\/","title":{"rendered":"Socio comercial"},"content":{"rendered":"<div class=\"wpb-content-wrapper\"><p>[vc_row][vc_column][vc_column_text]<\/p>\r\n<h4> <img loading=\"lazy\" decoding=\"async\" class=\"alignleft wp-image-6186\" style=\"width: 249px;\" src=\"https:\/\/www.iic-global.net\/wp-content\/uploads\/2022\/01\/Partner2.png\" alt=\"Channel Sales\" width=\"332\" height=\"249\" \/><\/h4>\r\n<h4>Partner Sales, Channel Sales, Distributors<\/h4>\r\n<p>La distribuci\u00f3n desempe\u00f1a un papel fundamental en el \u00e9xito global de las empresas tecnol\u00f3gicas internacionales mediante la creaci\u00f3n de una red de distribuci\u00f3n s\u00f3lida y eficaz. En medio de mercados altamente competitivos, es esencial contar con socios de distribuci\u00f3n experimentados para maximizar el alcance y <strong>penetrar con \u00e9xito en diferentes mercados regionales y tecnol\u00f3gicos<\/strong>. La utilizaci\u00f3n de canales de distribuci\u00f3n permite a las empresas tecnol\u00f3gicas aprovechar la experiencia local y las redes establecidas de sus socios, lo que facilita la <strong>entrada en el mercado y la adaptaci\u00f3n a los matices culturales<\/strong>. Adem\u00e1s, mediante el uso selectivo de estrategias de canal, las empresas tecnol\u00f3gicas internacionales pueden optimizar sus recursos, externalizar el proceso de personalizaci\u00f3n e implantaci\u00f3n a socios experimentados y centrarse en sus competencias b\u00e1sicas para lograr un crecimiento acelerado a trav\u00e9s de un marketing regional eficaz.<\/p>\r\n<h4><\/h4>\r\n<p>[\/vc_column_text][\/vc_column][\/vc_row][vc_row][vc_column width=\u00bb1\/2&#8243;][vc_column_text]<\/p>\r\n<h4 class=\"wp-block-heading\">Nuestros servicios &#8211; El beneficio para nuestros clientes<\/h4>\r\n<ul>\r\n<li><strong>Taller<\/strong> para desarrollar la estrategia y el mercado objetivo<\/li>\r\n<li>An\u00e1lisis inicial del mercado \/ <strong>concepto aproximado<\/strong> del enfoque en funci\u00f3n del taller<\/li>\r\n<li><strong>Lista final basada<\/strong> en el concepto aproximado<\/li>\r\n<li>Primera aproximaci\u00f3n de <strong>prueba al mercado<\/strong> definido<\/li>\r\n<li>Perfeccionamiento del enfoque del mercado, correcci\u00f3n de la definici\u00f3n del objetivo en caso necesario<\/li>\r\n<li>Planteamiento claramente limitado en el tiempo (<strong>reclutamiento de socios<\/strong>) del mercado[\/vc_column_text][vc_column_text]<\/li>\r\n<\/ul>\r\n<h4>Nuestra experiencia<\/h4>\r\n<p>A\u00f1os de experiencia han dado como resultado un enfoque claramente estructurado y una transparencia cualitativa en la comunicaci\u00f3n tanto con el cliente como con los candidatos abordados.[\/vc_column_text][\/vc_column][vc_column width=\u00bb1\/2&#8243;][vc_single_image image=\u00bb7085&#8243; img_size=\u00bblarge\u00bb][\/vc_column][\/vc_row][vc_row][vc_column][vc_column_text]<\/p>\r\n<p><\/p>\r\n<div class=\"wp-block-columns\">\u00a0<\/div>\r\n<p>[\/vc_column_text][\/vc_column][\/vc_row]<\/p><\/div>","protected":false},"excerpt":{"rendered":"<p>[vc_row][vc_column][vc_column_text] Partner Sales, Channel Sales, Distributors La distribuci\u00f3n desempe\u00f1a un papel fundamental en el \u00e9xito global de las empresas tecnol\u00f3gicas internacionales mediante la creaci\u00f3n de una red de distribuci\u00f3n s\u00f3lida y eficaz. En medio de mercados altamente competitivos, es esencial contar con socios de distribuci\u00f3n experimentados para maximizar el alcance y penetrar con \u00e9xito en&hellip;<\/p>\n","protected":false},"author":1,"featured_media":0,"parent":0,"menu_order":0,"comment_status":"closed","ping_status":"closed","template":"","meta":{"footnotes":""},"class_list":["post-7118","page","type-page","status-publish","hentry","description-off"],"_links":{"self":[{"href":"https:\/\/www.iic-global.net\/es\/wp-json\/wp\/v2\/pages\/7118","targetHints":{"allow":["GET"]}}],"collection":[{"href":"https:\/\/www.iic-global.net\/es\/wp-json\/wp\/v2\/pages"}],"about":[{"href":"https:\/\/www.iic-global.net\/es\/wp-json\/wp\/v2\/types\/page"}],"author":[{"embeddable":true,"href":"https:\/\/www.iic-global.net\/es\/wp-json\/wp\/v2\/users\/1"}],"replies":[{"embeddable":true,"href":"https:\/\/www.iic-global.net\/es\/wp-json\/wp\/v2\/comments?post=7118"}],"version-history":[{"count":0,"href":"https:\/\/www.iic-global.net\/es\/wp-json\/wp\/v2\/pages\/7118\/revisions"}],"wp:attachment":[{"href":"https:\/\/www.iic-global.net\/es\/wp-json\/wp\/v2\/media?parent=7118"}],"curies":[{"name":"wp","href":"https:\/\/api.w.org\/{rel}","templated":true}]}}