{"id":7158,"date":"2024-01-24T15:02:58","date_gmt":"2024-01-24T14:02:58","guid":{"rendered":"https:\/\/www.iic-global.net\/fusiones-y-adquisiciones\/"},"modified":"2024-01-24T15:25:06","modified_gmt":"2024-01-24T14:25:06","slug":"fusiones-y-adquisiciones","status":"publish","type":"page","link":"https:\/\/www.iic-global.net\/es\/fusiones-y-adquisiciones\/","title":{"rendered":"Fusiones y adquisiciones"},"content":{"rendered":"<div class=\"wpb-content-wrapper\"><p>[vc_row][vc_column][vc_column_text]<\/p>\r\n<h4>Red competente &#8211; Contactos eficaces<img loading=\"lazy\" decoding=\"async\" class=\" wp-image-6114 alignleft\" src=\"https:\/\/www.iic-global.net\/wp-content\/uploads\/2021\/09\/MA-300x300.png\" alt=\"\" width=\"257\" height=\"257\" srcset=\"https:\/\/www.iic-global.net\/wp-content\/uploads\/2021\/09\/MA-300x300.png 300w, https:\/\/www.iic-global.net\/wp-content\/uploads\/2021\/09\/MA-150x150.png 150w, https:\/\/www.iic-global.net\/wp-content\/uploads\/2021\/09\/MA.png 332w\" sizes=\"auto, (max-width: 257px) 100vw, 257px\" \/><\/h4>\r\n<p><span style=\"font-weight: normal;\">Con m\u00e1s de 20 a\u00f1os de experiencia en los mercados del software y la tecnolog\u00eda, estamos especializados en el desarrollo de soluciones a medida para nuestros clientes en el \u00e1mbito de las fusiones y adquisiciones. Nos centramos no s\u00f3lo en vender valores corporativos, sino tambi\u00e9n en considerar las ideas de productos y el bienestar de los empleados de las empresas. Nuestro objetivo es encontrar los compradores adecuados que aprecien el valor y ofrezcan un desarrollo continuo a los empleados. <\/span><span style=\"font-weight: normal;\">Aseg\u00farate.<\/span><\/p>\r\n<p><!-- \/wp:post-content --><\/p>\r\n<h4>Venta de empresas<\/h4>\r\n<p><!-- wp:paragraph -->Desde el punto de vista de <strong>un vendedor<\/strong>, empezamos con un an\u00e1lisis exhaustivo de su posicionamiento, orientaci\u00f3n y estrategia. Sobre esta base, elaboramos una lista de posibles empresas que cumplen sus requisitos. En estrecha consulta con usted, discutimos esta lista en detalle para determinar las prioridades. A continuaci\u00f3n, se dirige a los compradores potenciales en funci\u00f3n de la prioridad definida. Nuestros muchos a\u00f1os de experiencia demuestran que un buen conocimiento de los productos y del mercado es crucial para avanzar eficazmente en los debates con una argumentaci\u00f3n personalizada.<\/p>\r\n<h4>Compra de empresas<\/h4>\r\n<p><!-- \/wp:paragraph --><\/p>\r\n<p><!-- wp:paragraph -->Desde la <strong>perspectiva del comprador<\/strong>, tambi\u00e9n aceptamos pedidos de empresas que se ponen en contacto con nosotros con un perfil de compradores potenciales. Concedemos especial importancia a comprender en detalle la estrategia de adquisici\u00f3n para identificar las empresas adecuadas. Nuestra experiencia y conocimientos hist\u00f3ricos nos permiten argumentar estrategias de forma convincente y comunicar ideas de cooperaci\u00f3n y desarrollo de futuros mercados de forma eficaz.<\/p>\r\n<p><!-- \/wp:paragraph --><\/p>\r\n<p><!-- wp:paragraph -->Como consultores intermediarios, nos consideramos expertos con un profundo conocimiento de los mercados, la evoluci\u00f3n y amplios contactos. Nuestra misi\u00f3n es crear soluciones \u00f3ptimas para nuestros clientes y garantizarles el \u00e9xito en un mundo empresarial en constante cambio.<\/p>\r\n<p><!-- \/wp:paragraph --><\/p>\r\n<p>&nbsp;<\/p>\r\n<p>[\/vc_column_text][\/vc_column][\/vc_row]<\/p><\/div>","protected":false},"excerpt":{"rendered":"<p>[vc_row][vc_column][vc_column_text] Red competente &#8211; Contactos eficaces Con m\u00e1s de 20 a\u00f1os de experiencia en los mercados del software y la tecnolog\u00eda, estamos especializados en el desarrollo de soluciones a medida para nuestros clientes en el \u00e1mbito de las fusiones y adquisiciones. Nos centramos no s\u00f3lo en vender valores corporativos, sino tambi\u00e9n en considerar las ideas&hellip;<\/p>\n","protected":false},"author":1,"featured_media":0,"parent":0,"menu_order":0,"comment_status":"closed","ping_status":"closed","template":"","meta":{"footnotes":""},"class_list":["post-7158","page","type-page","status-publish","hentry","description-off"],"_links":{"self":[{"href":"https:\/\/www.iic-global.net\/es\/wp-json\/wp\/v2\/pages\/7158","targetHints":{"allow":["GET"]}}],"collection":[{"href":"https:\/\/www.iic-global.net\/es\/wp-json\/wp\/v2\/pages"}],"about":[{"href":"https:\/\/www.iic-global.net\/es\/wp-json\/wp\/v2\/types\/page"}],"author":[{"embeddable":true,"href":"https:\/\/www.iic-global.net\/es\/wp-json\/wp\/v2\/users\/1"}],"replies":[{"embeddable":true,"href":"https:\/\/www.iic-global.net\/es\/wp-json\/wp\/v2\/comments?post=7158"}],"version-history":[{"count":0,"href":"https:\/\/www.iic-global.net\/es\/wp-json\/wp\/v2\/pages\/7158\/revisions"}],"wp:attachment":[{"href":"https:\/\/www.iic-global.net\/es\/wp-json\/wp\/v2\/media?parent=7158"}],"curies":[{"name":"wp","href":"https:\/\/api.w.org\/{rel}","templated":true}]}}