{"id":7261,"date":"2024-02-05T08:58:26","date_gmt":"2024-02-05T07:58:26","guid":{"rendered":"https:\/\/www.iic-global.net\/?page_id=7261"},"modified":"2024-02-05T08:58:26","modified_gmt":"2024-02-05T07:58:26","slug":"camino-a-ee-uu","status":"publish","type":"page","link":"https:\/\/www.iic-global.net\/es\/camino-a-ee-uu\/","title":{"rendered":"Camino a EE.UU."},"content":{"rendered":"<h2>La estrategia para EE.UU.<\/h2>\n<p>La CII lleva muchos a\u00f1os trabajando en el mercado de las TIC y la tecnolog\u00eda en varias regiones y se dedica a establecer asociaciones y contactos entre empresas.<br \/>\nEstados Unidos es algo especial:<br \/>\nEl tama\u00f1o de los EE.UU. y la heterogeneidad del panorama cuando consideramos cada uno de los estados hacen que el enfoque estrat\u00e9gico de la CII sea ligeramente distinto para tener \u00e9xito.<br \/>\nComenzamos con un taller para identificar claramente el perfil de los requisitos y desarrollar y armonizar una estrategia de entrada en el mercado que tenga \u00e9xito. \u00bfQu\u00e9 Estado federal tiene sentido? \u00bfQu\u00e9 tipos de socios y con qu\u00e9 acceso al mercado tienen sentido? \u00bfQui\u00e9nes son los gestores del mercado? \u00bfQu\u00e9 normativas influyen en las decisiones de compra del mercado objetivo?&#8230;<\/p>\n<p>Como siguiente paso, podemos establecer una empresa en EE.UU. para nuestros clientes, proporcionar una ubicaci\u00f3n, gestionarla de forma provisional, contratar empleados y socios en el mercado objetivo definido y, de este modo, garantizar el \u00e9xito de su empresa en el mercado objetivo de EE.UU.<\/p>\n<p>Nuestros colegas son expertos en EE.UU., abogados, profesionales de las ventas y antiguos directores generales de la C\u00e1mara de Comercio germano-estadounidense de la Costa Oeste de EE.UU., que en el pasado han allanado con \u00e9xito el camino de entrada en EE.UU. a muchas empresas.<br \/>\nHable con nosotros, \u00a1podemos ayudarle!<\/p>\n<h5>Nuestros servicios:<\/h5>\n<ul>\n<li>Estrategia de entrada en el mercado<\/li>\n<li>Fundaci\u00f3n de la empresa<\/li>\n<li>Servicio de localizaci\u00f3n<\/li>\n<li>Contrataci\u00f3n de personal<\/li>\n<li>Reclutamiento de socios \/ inicio de contactos<\/li>\n<li>Gesti\u00f3n provisional<\/li>\n<\/ul>\n","protected":false},"excerpt":{"rendered":"<p>La estrategia para EE.UU. La CII lleva muchos a\u00f1os trabajando en el mercado de las TIC y la tecnolog\u00eda en varias regiones y se dedica a establecer asociaciones y contactos entre empresas. Estados Unidos es algo especial: El tama\u00f1o de los EE.UU. y la heterogeneidad del panorama cuando consideramos cada uno de los estados hacen&hellip;<\/p>\n","protected":false},"author":1,"featured_media":0,"parent":0,"menu_order":0,"comment_status":"closed","ping_status":"closed","template":"","meta":{"footnotes":""},"class_list":["post-7261","page","type-page","status-publish","hentry","description-off"],"_links":{"self":[{"href":"https:\/\/www.iic-global.net\/es\/wp-json\/wp\/v2\/pages\/7261","targetHints":{"allow":["GET"]}}],"collection":[{"href":"https:\/\/www.iic-global.net\/es\/wp-json\/wp\/v2\/pages"}],"about":[{"href":"https:\/\/www.iic-global.net\/es\/wp-json\/wp\/v2\/types\/page"}],"author":[{"embeddable":true,"href":"https:\/\/www.iic-global.net\/es\/wp-json\/wp\/v2\/users\/1"}],"replies":[{"embeddable":true,"href":"https:\/\/www.iic-global.net\/es\/wp-json\/wp\/v2\/comments?post=7261"}],"version-history":[{"count":0,"href":"https:\/\/www.iic-global.net\/es\/wp-json\/wp\/v2\/pages\/7261\/revisions"}],"wp:attachment":[{"href":"https:\/\/www.iic-global.net\/es\/wp-json\/wp\/v2\/media?parent=7261"}],"curies":[{"name":"wp","href":"https:\/\/api.w.org\/{rel}","templated":true}]}}