{"id":6467,"date":"2022-01-11T18:34:15","date_gmt":"2022-01-11T17:34:15","guid":{"rendered":"http:\/\/intern.iic-international.net\/mentions-legales-et-politique-de-confidentialite\/"},"modified":"2024-03-25T16:03:54","modified_gmt":"2024-03-25T15:03:54","slug":"mentions-legales-et-politique-de-confidentialite","status":"publish","type":"page","link":"https:\/\/www.iic-global.net\/fr\/mentions-legales-et-politique-de-confidentialite\/","title":{"rendered":"Mentions l\u00e9gales et politique de confidentialit\u00e9"},"content":{"rendered":"<div class=\"wpb-content-wrapper\"><p>[vc_row][vc_column width=\u00a0\u00bb1\/4&Prime;][vc_column_text]Responsabilit\u00e9 de ce site web en ce qui concerne la loi sur le t\u00e9l\u00e9marketing et les contrats avec les m\u00e9dias :<\/p>\n<p><b>IIC &#8211; Innovative International Consulting GmbH &amp; Co. KG  <\/b><\/p>\n<p>Industriestra\u00dfe 8<br \/>\nD-78234 Engen<\/p>\n<p>T\u00e9l : +49 7733 982 915 00<br \/>\nFax : +49 7733 982 915 99<\/p>\n<p><a target=\"_blank\" rel=\"noopener noreferrer\">info(at)iic-global.net<\/a><\/p>\n<p>Registre des entreprises :<br \/>\nAmtsgericht Freiburg HRA 541017<br \/>\nBureau des imp\u00f4ts de Singen, n\u00b0 d&rsquo;imp\u00f4t 18203 \/ 29180<br \/>\nNUM\u00c9RO DE TVA : DE 228978687<\/p>\n<p>Banque : Sparkasse Engen &#8211; Gottmadingen<br \/>\nIBAN : DE48 6925 1445 0005 3866 10<\/p>\n<p>Responsabilit\u00e9 personnelle :<\/p>\n<p>IIC Verwaltung GmbH, Engen &#8211; Directeur g\u00e9n\u00e9ral : Werner Bezikofer &#8211; HRB 541962 AG Freiburg<\/p>\n<p>Autres sites web correspondants :<\/p>\n<p><a href=\"https:\/\/www.personal-poi.com\/\">www.personal-poi.com<\/a><\/p>\n<p><a href=\"https:\/\/www.itintell.org\/\">www.itintell.org<\/a><\/p>\n<p><a href=\"https:\/\/www.mybeen.com\/\">www.mybeen.com<\/a><\/p>\n<p><a href=\"https:\/\/www.innovative-ic.com\/\">www.innovative-ic.com<\/a><\/p>\n<p>Conception artistique (graphique d&rsquo;en-t\u00eate) :<br \/>\nWerbeagentur RevoLUZion &#8211; <a href=\"http:\/\/www.revoluzion.de\/\">www.revoLUZion.de<\/a> &#8211; Bernd Luz<\/p>\n<h5>Droit d&rsquo;auteur, responsabilit\u00e9, responsabilit\u00e9&#8230;<\/h5>\n<p>&#8230; pour la mise en page de la pr\u00e9sentation web, les graphiques utilis\u00e9s et le recueil des articles sont prot\u00e9g\u00e9s par le droit d&rsquo;auteur. Les pages ne peuvent \u00eatre copi\u00e9es que pour un usage priv\u00e9. Aucune modification n&rsquo;est autoris\u00e9e, et aucune copie ne peut \u00eatre distribu\u00e9e ou utilis\u00e9e pour la reproduction publique. Les rapports individuels sont \u00e9galement prot\u00e9g\u00e9s par le droit d&rsquo;auteur ; d&rsquo;autres r\u00e9f\u00e9rences peuvent y \u00eatre lues si n\u00e9cessaire. Toutes les informations sur ce serveur sont fournies sans aucune garantie quant \u00e0 leur exactitude. Aucune responsabilit\u00e9 n&rsquo;est accept\u00e9e pour tout dommage r\u00e9sultant de l&rsquo;utilisation de toute information appel\u00e9e. Contenu de la pr\u00e9sentation Internet : L&rsquo;IIC d\u00e9cline toute responsabilit\u00e9 quant \u00e0 l&rsquo;actualit\u00e9, l&rsquo;exactitude, l&rsquo;exhaustivit\u00e9 ou la qualit\u00e9 des informations fournies.<\/p>\n<p>Les actions en responsabilit\u00e9 \u00e0 l&rsquo;encontre de l&rsquo;IIC relatives \u00e0 des dommages mat\u00e9riels ou intellectuels r\u00e9sultant de l&rsquo;utilisation ou de la non-utilisation des informations fournies ou de l&rsquo;utilisation d&rsquo;informations incorrectes et incompl\u00e8tes sont exclues par principe, \u00e0 moins que l&rsquo;IIC ne soit manifestement coupable d&rsquo;un comportement d\u00e9lib\u00e9r\u00e9 ou d&rsquo;une n\u00e9gligence grave. Toute offre faite est soumise \u00e0 confirmation et non contraignante. L&rsquo;IIC se r\u00e9serve express\u00e9ment le droit de modifier, compl\u00e9ter ou supprimer le site web ou des parties de celui-ci ou de cesser temporairement ou d\u00e9finitivement la publication sans notification pr\u00e9alable. Effet juridique : Si des sections ou des formulations individuelles de ce texte ne r\u00e9pondent pas, en totalit\u00e9 ou en partie, aux exigences l\u00e9gales applicables, cela n&rsquo;affectera en rien le contenu ou la validit\u00e9.[\/vc_column_text][\/vc_column][vc_column width=\u00a0\u00bb3\/4&Prime;][vc_column_text]<\/p>\n<h5><b>Politique de confidentialit\u00e9<\/b><\/h5>\n<p>Note g\u00e9n\u00e9rale et informations obligatoires<\/p>\n<p><strong>D\u00e9signation de l&rsquo;organisme responsable<\/strong><\/p>\n<p>L&rsquo;unit\u00e9 responsable du traitement des donn\u00e9es sur ce site web est :<\/p>\n<p>IIC Innovative International Consulting GmbH &amp; Co. KG<\/p>\n<p>Werner Bezikofer<\/p>\n<p>Industriestra\u00dfe 8<\/p>\n<p>78234 Engen &#8211; Allemagne<\/p>\n<p>L&rsquo;organe responsable, seul ou de concert avec d&rsquo;autres, d\u00e9cide des finalit\u00e9s et des moyens du traitement des donn\u00e9es \u00e0 caract\u00e8re personnel (telles que les noms, les coordonn\u00e9es, etc.).<\/p>\n<p><b>R\u00e9vocation de votre consentement au traitement des donn\u00e9es<\/b><\/p>\n<p>Certains processus de traitement des donn\u00e9es ne sont possibles qu&rsquo;avec votre consentement explicite. Une r\u00e9vocation de votre consentement d\u00e9j\u00e0 donn\u00e9 est possible \u00e0 tout moment. Pour la r\u00e9vocation, il suffit d&rsquo;un message informel par e-mail. La l\u00e9galit\u00e9 du traitement des donn\u00e9es effectu\u00e9 jusqu&rsquo;\u00e0 la r\u00e9vocation n&rsquo;est pas affect\u00e9e par la r\u00e9vocation.<\/p>\n<p><b>Droit de se plaindre aupr\u00e8s de l&rsquo;autorit\u00e9 comp\u00e9tente<\/b><\/p>\n<p>En tant que personne concern\u00e9e, en cas de violation de la loi sur la protection des donn\u00e9es, vous avez un droit de recours aupr\u00e8s de l&rsquo;autorit\u00e9 de surveillance comp\u00e9tente. L&rsquo;autorit\u00e9 de contr\u00f4le comp\u00e9tente en mati\u00e8re de protection des donn\u00e9es est le d\u00e9l\u00e9gu\u00e9 \u00e0 la protection des donn\u00e9es de l&rsquo;\u00c9tat f\u00e9d\u00e9ral dans lequel se trouve le si\u00e8ge de notre soci\u00e9t\u00e9. Le lien suivant fournit une liste des d\u00e9l\u00e9gu\u00e9s \u00e0 la protection des donn\u00e9es et leurs coordonn\u00e9es : https:\/\/www.bfdi.bund.de\/DE\/Infothek\/Anschriften_Links\/anschriften_links-node.html.<\/p>\n<p><b>Droit \u00e0 la portabilit\u00e9 des donn\u00e9es<\/b><\/p>\n<p>Vous avez le droit d&rsquo;obtenir que les donn\u00e9es que nous traitons sur la base de votre consentement ou en ex\u00e9cution d&rsquo;un contrat soient automatiquement transmises \u00e0 vous ou \u00e0 des tiers. La disposition est faite dans un format lisible par machine. Si vous demandez le transfert direct des donn\u00e9es \u00e0 un autre responsable, cela ne sera fait que dans la mesure o\u00f9 cela est techniquement possible.<\/p>\n<p><b>Cryptage SSL ou TLS<\/b><\/p>\n<p>Pour des raisons de s\u00e9curit\u00e9 et pour prot\u00e9ger la transmission de contenus confidentiels que vous nous envoyez en tant qu&rsquo;op\u00e9rateur du site, notre site web utilise un SSL ou. Cryptage TLS. Ainsi, les donn\u00e9es que vous soumettez via ce site web, pour d&rsquo;autres non lisibles. Vous reconna\u00eetrez une connexion crypt\u00e9e \u00e0 la barre d&rsquo;adresse \u00ab\u00a0https : \/\/\u00a0\u00bb de votre navigateur et \u00e0 l&rsquo;ic\u00f4ne de verrouillage dans la barre du navigateur.<\/p>\n<p><b>Fichiers journaux du serveur<\/b><\/p>\n<p>Dans les fichiers journaux du serveur, le fournisseur du site web collecte et stocke automatiquement les informations que votre navigateur nous envoie automatiquement. Ce sont :<\/p>\n<p>Type de navigateur et version du navigateur<\/p>\n<p>Syst\u00e8me d&rsquo;exploitation utilis\u00e9<\/p>\n<p>URL de r\u00e9f\u00e9rence<\/p>\n<p>Nom d&rsquo;h\u00f4te de l&rsquo;ordinateur d&rsquo;acc\u00e8s<\/p>\n<p>Heure de la demande du serveur<\/p>\n<p>Adresse IP<\/p>\n<p>Il n&rsquo;y a pas de fusion de ces donn\u00e9es avec d&rsquo;autres sources de donn\u00e9es. La base du traitement des donn\u00e9es est l&rsquo;art. 6 para. 1 lit. b DSGVO, qui permet le traitement des donn\u00e9es pour ex\u00e9cuter un contrat ou des mesures pr\u00e9contractuelles.<\/p>\n<p><b>formulaire de contact<\/b><\/p>\n<p>Les donn\u00e9es soumises via le formulaire de contact, y compris vos coordonn\u00e9es, seront stock\u00e9es afin de traiter votre demande ou d&rsquo;\u00eatre disponibles pour des questions de suivi. La divulgation de ces donn\u00e9es n&rsquo;aura pas lieu sans votre consentement.<\/p>\n<p>Le traitement des donn\u00e9es saisies dans le formulaire de contact a lieu exclusivement sur la base de votre consentement (art. 6 (1) lit. DSGVO). Une r\u00e9vocation de votre consentement d\u00e9j\u00e0 donn\u00e9 est possible \u00e0 tout moment. Pour la r\u00e9vocation, il suffit d&rsquo;un message informel par e-mail. La l\u00e9galit\u00e9 des traitements de donn\u00e9es effectu\u00e9s jusqu&rsquo;\u00e0 la r\u00e9vocation n&rsquo;est pas affect\u00e9e par la r\u00e9vocation.<\/p>\n<p>Les donn\u00e9es soumises via le formulaire de contact resteront chez nous jusqu&rsquo;\u00e0 ce que vous nous demandiez de les supprimer, que vous r\u00e9voquiez votre consentement au stockage ou que vous n&rsquo;ayez plus besoin de conserver vos donn\u00e9es. Les dispositions l\u00e9gales obligatoires &#8211; notamment les p\u00e9riodes de conservation &#8211; ne sont pas affect\u00e9es.<\/p>\n<p><b>cookies<\/b><\/p>\n<p>Notre site web utilise des cookies. Il s&rsquo;agit de petits fichiers texte que votre navigateur Web stocke sur votre appareil. Les cookies nous aident \u00e0 rendre notre offre plus conviviale, plus efficace et plus s\u00fbre.<\/p>\n<p>Certains cookies sont des \u00ab\u00a0cookies de session\u00a0\u00bb. Ces cookies sont automatiquement supprim\u00e9s apr\u00e8s la fin de votre session de navigation. En revanche, d&rsquo;autres cookies restent sur votre appareil jusqu&rsquo;\u00e0 ce que vous les supprimiez vous-m\u00eame. Ces cookies nous aident \u00e0 vous reconna\u00eetre lorsque vous revenez sur notre site web.<\/p>\n<p>Avec un navigateur web moderne, vous pouvez contr\u00f4ler, limiter ou emp\u00eacher la mise en place de cookies. De nombreux navigateurs web peuvent \u00eatre configur\u00e9s pour supprimer automatiquement les cookies lorsque le programme est ferm\u00e9. La d\u00e9sactivation des cookies peut entra\u00eener une fonctionnalit\u00e9 limit\u00e9e de notre site web.<\/p>\n<p>La mise en place de cookies, qui sont n\u00e9cessaires \u00e0 l&rsquo;ex\u00e9cution de processus de communication \u00e9lectronique ou \u00e0 la fourniture de certaines fonctions souhait\u00e9es par vous (par exemple le panier d&rsquo;achat), a lieu sur la base de l&rsquo;art. 6 para. f DSGVO. En tant qu&rsquo;exploitant de ce site web, nous avons un int\u00e9r\u00eat l\u00e9gitime \u00e0 stocker des cookies pour la fourniture techniquement irr\u00e9prochable et fluide de nos services. Si d&rsquo;autres cookies sont install\u00e9s (par exemple pour des fonctions d&rsquo;analyse), ils seront trait\u00e9s s\u00e9par\u00e9ment dans la pr\u00e9sente politique de confidentialit\u00e9.<\/p>\n<p><b>Google Analytics<\/b><\/p>\n<p>Notre site Web utilise des fonctions du service d&rsquo;analyse Web Google Analytics. Le fournisseur de services d&rsquo;analyse Web est Google Inc. 1600 Amphitheater Parkway, Mountain View, CA 94043, \u00c9tats-Unis.<\/p>\n<p>Google Analytics utilise des \u00ab\u00a0cookies\u00a0\u00bb. Il s&rsquo;agit de petits fichiers texte que votre navigateur web enregistre sur votre appareil et qui permettent d&rsquo;analyser l&rsquo;utilisation du site web. Les informations g\u00e9n\u00e9r\u00e9es par les cookies concernant votre utilisation de notre site web sont transmises \u00e0 un serveur de Google et y sont stock\u00e9es. Le serveur est g\u00e9n\u00e9ralement situ\u00e9 aux \u00c9tats-Unis.<\/p>\n<p>Les cookies de Google Analytics sont mis en place sur la base de l&rsquo;art. 6 para. 1 lit. f DSGVO. En tant qu&rsquo;exploitant de ce site web, nous avons un int\u00e9r\u00eat l\u00e9gitime \u00e0 analyser le comportement des utilisateurs afin d&rsquo;optimiser notre site web et \u00e9ventuellement la publicit\u00e9.<\/p>\n<p><b>Anonymisation de l&rsquo;IP<\/b><\/p>\n<p>Nous utilisons Google Analytics en association avec la fonction d&rsquo;anonymisation de l&rsquo;IP. Il garantit que Google raccourcit votre adresse IP au sein des \u00c9tats membres de l&rsquo;Union europ\u00e9enne ou des autres parties \u00e0 l&rsquo;accord sur l&rsquo;Espace \u00e9conomique europ\u00e9en avant de la transmettre aux \u00c9tats-Unis. Il peut y avoir des exceptions o\u00f9 Google transmet et tronque l&rsquo;adresse IP compl\u00e8te \u00e0 un serveur situ\u00e9 aux \u00c9tats-Unis. Google utilisera ces informations en notre nom pour \u00e9valuer votre utilisation du site Web, pour \u00e9tablir des rapports sur l&rsquo;activit\u00e9 du site Web et pour nous fournir d&rsquo;autres services li\u00e9s \u00e0 l&rsquo;activit\u00e9 du site Web et \u00e0 l&rsquo;utilisation d&rsquo;Internet. Il n&rsquo;y a pas de fusion de l&rsquo;adresse IP transmise par Google Analytics avec d&rsquo;autres donn\u00e9es de Google.<\/p>\n<p><b>Plugin pour navigateur<\/b><\/p>\n<p>Il est possible d&#8217;emp\u00eacher l&rsquo;installation de cookies par le biais de votre navigateur web. Toutefois, certaines fonctionnalit\u00e9s de notre site web peuvent \u00eatre limit\u00e9es. De m\u00eame, vous pouvez emp\u00eacher la collecte de donn\u00e9es relatives \u00e0 votre utilisation du site Web, y compris votre adresse IP, et leur traitement ult\u00e9rieur par Google. Cela est possible en t\u00e9l\u00e9chargeant et en installant le plug-in de navigateur accessible via le lien suivant : https:\/\/tools.google.com\/dlpage\/gaoptout?hl=de.<\/p>\n<p><b>Opposition \u00e0 la collecte de donn\u00e9es<\/b><\/p>\n<p>Vous pouvez emp\u00eacher la collecte de vos donn\u00e9es par Google Analytics en cliquant sur le lien suivant. Un cookie de d\u00e9sactivation sera d\u00e9fini pour emp\u00eacher la collecte de vos donn\u00e9es lors de vos futures visites sur notre site web : D\u00e9sactiver Google Analytics.<\/p>\n<p>Pour plus de d\u00e9tails sur le traitement des donn\u00e9es des utilisateurs de Google Analytics, veuillez consulter les r\u00e8gles de confidentialit\u00e9 de Google : https:\/\/support.google.com\/analytics\/answer\/6004245?hl=en.<\/p>\n<p><b>traitement des commandes<\/b><\/p>\n<p>Afin de respecter pleinement les exigences l\u00e9gales en mati\u00e8re de protection des donn\u00e9es, nous avons conclu un accord de traitement contractuel avec Google.<\/p>\n<p><b>Donn\u00e9es d\u00e9mographiques dans Google Analytics<\/b><\/p>\n<p>Notre site web utilise la fonction de d\u00e9mographie de Google Analytics. Il peut \u00eatre utilis\u00e9 pour g\u00e9n\u00e9rer des rapports contenant des d\u00e9clarations sur l&rsquo;\u00e2ge, le sexe et les int\u00e9r\u00eats des visiteurs du site. Ces donn\u00e9es proviennent de la publicit\u00e9 bas\u00e9e sur les centres d&rsquo;int\u00e9r\u00eat de Google et des donn\u00e9es des visiteurs de tiers. L&rsquo;attribution des donn\u00e9es \u00e0 une personne sp\u00e9cifique n&rsquo;est pas possible. Vous pouvez d\u00e9sactiver cette fonction \u00e0 tout moment. Cela est possible via les param\u00e8tres des annonces dans votre compte Google ou en interdisant de mani\u00e8re g\u00e9n\u00e9rale la collecte de vos donn\u00e9es par Google Analytics, comme expliqu\u00e9 dans la section \u00a0\u00bb Objection \u00e0 la collecte de donn\u00e9es \u00ab\u00a0.<\/p>\n<p><b>Google AdWords et Google Conversion Tracking<\/b><\/p>\n<p>Notre site Web utilise Google AdWords. Le fournisseur est Google Inc, 1600 Amphitheater Parkway, Mountain View, CA 94043, \u00c9tats-Unis.<\/p>\n<p>AdWords est un programme de publicit\u00e9 en ligne. Dans le cadre du programme de publicit\u00e9 en ligne, nous travaillons avec le suivi des conversions. Apr\u00e8s avoir cliqu\u00e9 sur une annonce diffus\u00e9e par Google, un cookie sera plac\u00e9 pour le suivi des conversions. Les cookies sont de petits fichiers texte que votre navigateur web enregistre sur votre appareil. Les cookies de Google AdWords perdent leur validit\u00e9 apr\u00e8s 30 jours et ne sont pas utilis\u00e9s pour l&rsquo;identification personnelle des utilisateurs. Gr\u00e2ce \u00e0 ce cookie, Google et nous reconnaissons que vous avez cliqu\u00e9 sur une annonce et que vous avez \u00e9t\u00e9 redirig\u00e9 vers notre site.<\/p>\n<p>Chaque client de Google AdWords re\u00e7oit un cookie diff\u00e9rent. Les cookies ne sont pas tra\u00e7ables sur les sites Web des clients d&rsquo;AdWords. Les cookies de conversion sont utilis\u00e9s pour g\u00e9n\u00e9rer des statistiques de conversion pour les annonceurs AdWords qui utilisent le suivi des conversions. Les clients Adwords apprennent combien de personnes ont cliqu\u00e9 sur leur annonce et ont \u00e9t\u00e9 redirig\u00e9es vers des pages de balises de suivi des conversions. Toutefois, les annonceurs AdWords ne re\u00e7oivent pas d&rsquo;informations leur permettant de s&rsquo;identifier personnellement. Si vous ne voulez pas participer au suivi, vous pouvez vous opposer \u00e0 une utilisation. Voici le cookie de conversion \u00e0 d\u00e9sactiver dans les param\u00e8tres utilisateur du navigateur. Il n&rsquo;y a donc pas d&rsquo;inclusion dans les statistiques de suivi des conversions.<\/p>\n<p>Le stockage des \u00ab\u00a0cookies de conversion\u00a0\u00bb est fond\u00e9 sur l&rsquo;art. 6 para. 1 lit. f DSGVO. En tant qu&rsquo;exploitants de sites web, nous avons un int\u00e9r\u00eat l\u00e9gitime \u00e0 analyser le comportement des utilisateurs afin d&rsquo;optimiser notre site web et notre publicit\u00e9.<\/p>\n<p>Pour plus de d\u00e9tails sur Google AdWords et Google Conversion Tracking, consultez les r\u00e8gles de confidentialit\u00e9 de Google : https:\/\/www.google.com\/policies\/privacy\/.<\/p>\n<p>Avec un navigateur web moderne, vous pouvez contr\u00f4ler, limiter ou emp\u00eacher la mise en place de cookies. La d\u00e9sactivation des cookies peut entra\u00eener une fonctionnalit\u00e9 limit\u00e9e de notre site web.[\/vc_column_text][\/vc_column][\/vc_row]<\/p>\n<\/div>","protected":false},"excerpt":{"rendered":"<p>[vc_row][vc_column width=\u00a0\u00bb1\/4&Prime;][vc_column_text]Responsabilit\u00e9 de ce site web en ce qui concerne la loi sur le t\u00e9l\u00e9marketing et les contrats avec les m\u00e9dias : IIC &#8211; Innovative International Consulting GmbH &amp; Co. KG Industriestra\u00dfe 8 D-78234 Engen T\u00e9l : +49 7733 982 915 00 Fax : +49 7733 982 915 99 info(at)iic-global.net Registre des entreprises : Amtsgericht&hellip;<\/p>\n","protected":false},"author":1,"featured_media":0,"parent":0,"menu_order":0,"comment_status":"closed","ping_status":"closed","template":"","meta":{"footnotes":""},"class_list":["post-6467","page","type-page","status-publish","hentry","description-off"],"_links":{"self":[{"href":"https:\/\/www.iic-global.net\/fr\/wp-json\/wp\/v2\/pages\/6467","targetHints":{"allow":["GET"]}}],"collection":[{"href":"https:\/\/www.iic-global.net\/fr\/wp-json\/wp\/v2\/pages"}],"about":[{"href":"https:\/\/www.iic-global.net\/fr\/wp-json\/wp\/v2\/types\/page"}],"author":[{"embeddable":true,"href":"https:\/\/www.iic-global.net\/fr\/wp-json\/wp\/v2\/users\/1"}],"replies":[{"embeddable":true,"href":"https:\/\/www.iic-global.net\/fr\/wp-json\/wp\/v2\/comments?post=6467"}],"version-history":[{"count":0,"href":"https:\/\/www.iic-global.net\/fr\/wp-json\/wp\/v2\/pages\/6467\/revisions"}],"wp:attachment":[{"href":"https:\/\/www.iic-global.net\/fr\/wp-json\/wp\/v2\/media?parent=6467"}],"curies":[{"name":"wp","href":"https:\/\/api.w.org\/{rel}","templated":true}]}}