{"id":7112,"date":"2024-01-24T13:59:16","date_gmt":"2024-01-24T12:59:16","guid":{"rendered":"https:\/\/www.iic-global.net\/cooperation-avec-les-partenaires-de-vente-et-de-mise-en-oeuvre\/"},"modified":"2024-01-28T10:47:14","modified_gmt":"2024-01-28T09:47:14","slug":"cooperation-avec-les-partenaires-de-vente-et-de-mise-en-oeuvre","status":"publish","type":"page","link":"https:\/\/www.iic-global.net\/fr\/cooperation-avec-les-partenaires-de-vente-et-de-mise-en-oeuvre\/","title":{"rendered":"Business Partner"},"content":{"rendered":"<div class=\"wpb-content-wrapper\"><p>[vc_row][vc_column][vc_column_text]<\/p>\r\n<h4> <img loading=\"lazy\" decoding=\"async\" class=\"alignleft wp-image-6186\" style=\"width: 249px;\" src=\"https:\/\/www.iic-global.net\/wp-content\/uploads\/2022\/01\/Partner2.png\" alt=\"Channel Sales\" width=\"332\" height=\"249\" \/><\/h4>\r\n<h4>Ventes indirectes, Channel Sales, Distributeurs<\/h4>\r\n<p>La distribution joue un r\u00f4le essentiel dans le succ\u00e8s mondial des entreprises technologiques internationales en mettant en place un r\u00e9seau de distribution solide et efficace. Sur des march\u00e9s tr\u00e8s concurrentiels, il est essentiel de s&rsquo;appuyer sur des partenaires de distribution exp\u00e9riment\u00e9s pour maximiser la port\u00e9e et <strong>p\u00e9n\u00e9trer avec succ\u00e8s les diff\u00e9rents march\u00e9s r\u00e9gionaux et technologiques<\/strong>. L&rsquo;utilisation des canaux de distribution permet aux entreprises technologiques d&rsquo;exploiter l&rsquo;expertise locale et les r\u00e9seaux \u00e9tablis de leurs partenaires, ce qui facilite l&rsquo;<strong>entr\u00e9e sur le march\u00e9 et l&rsquo;adaptation aux nuances culturelles<\/strong>. En outre, gr\u00e2ce \u00e0 l&rsquo;utilisation cibl\u00e9e de strat\u00e9gies de distribution, les entreprises technologiques internationales peuvent optimiser leurs ressources, confier le processus de personnalisation et de mise en \u0153uvre \u00e0 des partenaires exp\u00e9riment\u00e9s et se concentrer sur leurs comp\u00e9tences de base afin d&rsquo;obtenir une croissance acc\u00e9l\u00e9r\u00e9e gr\u00e2ce \u00e0 un marketing r\u00e9gional efficace.<\/p>\r\n<h4><\/h4>\r\n<p>[\/vc_column_text][\/vc_column][\/vc_row][vc_row][vc_column width=\u00a0\u00bb1\/2&Prime;][vc_column_text]<\/p>\r\n<h4 class=\"wp-block-heading\">Nos services &#8211; Les avantages pour nos clients<\/h4>\r\n<ul>\r\n<li>\r\n<p><strong>Workshop<\/strong> pour d\u00e9finir la strat\u00e9gie et le march\u00e9 cible<\/p>\r\n<\/li>\r\n<li>\r\n<p>Analyse initiale du march\u00e9\/ <strong>Concept g\u00e9n\u00e9ral de l&rsquo;approche<\/strong> en fonction du workshop<\/p>\r\n<\/li>\r\n<li>\r\n<p><strong>Liste de partenaires<\/strong> potentiels bas\u00e9e sur le concept g\u00e9n\u00e9ral<span class=\"Apple-converted-space\">\u00a0<\/span><\/p>\r\n<\/li>\r\n<li>Premier <strong>test de l&rsquo;approche sur le march\u00e9<\/strong> d\u00e9fini<\/li>\r\n<li>Affinement de l&rsquo;approche du march\u00e9, correction de la d\u00e9finition de la cible si n\u00e9cessaire<\/li>\r\n<li>Approche clairement limit\u00e9e dans le temps (<strong>recrutement de partenaires<\/strong>) du march\u00e9 [\/vc_column_text][vc_column_text]<\/li>\r\n<\/ul>\r\n<h4>Notre expertise<\/h4>\r\n<p>Des ann\u00e9es d&rsquo;exp\u00e9rience ont abouti \u00e0 une approche clairement structur\u00e9e et une transparence qualitative dans la communication avec notre client et les partenaires potentiels approch\u00e9s.[\/vc_column_text][\/vc_column][vc_column width=\u00a0\u00bb1\/2&Prime;][vc_single_image image=\u00a0\u00bb7085&Prime; img_size=\u00a0\u00bblarge\u00a0\u00bb][\/vc_column][\/vc_row][vc_row][vc_column][vc_column_text]<\/p>\r\n<p><\/p>\r\n<div class=\"wp-block-columns\">\u00a0<\/div>\r\n<p>[\/vc_column_text][\/vc_column][\/vc_row]<\/p><\/div>","protected":false},"excerpt":{"rendered":"<p>[vc_row][vc_column][vc_column_text] Ventes indirectes, Channel Sales, Distributeurs La distribution joue un r\u00f4le essentiel dans le succ\u00e8s mondial des entreprises technologiques internationales en mettant en place un r\u00e9seau de distribution solide et efficace. Sur des march\u00e9s tr\u00e8s concurrentiels, il est essentiel de s&rsquo;appuyer sur des partenaires de distribution exp\u00e9riment\u00e9s pour maximiser la port\u00e9e et p\u00e9n\u00e9trer avec succ\u00e8s&hellip;<\/p>\n","protected":false},"author":1,"featured_media":0,"parent":0,"menu_order":0,"comment_status":"closed","ping_status":"closed","template":"","meta":{"footnotes":""},"class_list":["post-7112","page","type-page","status-publish","hentry","description-off"],"_links":{"self":[{"href":"https:\/\/www.iic-global.net\/fr\/wp-json\/wp\/v2\/pages\/7112","targetHints":{"allow":["GET"]}}],"collection":[{"href":"https:\/\/www.iic-global.net\/fr\/wp-json\/wp\/v2\/pages"}],"about":[{"href":"https:\/\/www.iic-global.net\/fr\/wp-json\/wp\/v2\/types\/page"}],"author":[{"embeddable":true,"href":"https:\/\/www.iic-global.net\/fr\/wp-json\/wp\/v2\/users\/1"}],"replies":[{"embeddable":true,"href":"https:\/\/www.iic-global.net\/fr\/wp-json\/wp\/v2\/comments?post=7112"}],"version-history":[{"count":0,"href":"https:\/\/www.iic-global.net\/fr\/wp-json\/wp\/v2\/pages\/7112\/revisions"}],"wp:attachment":[{"href":"https:\/\/www.iic-global.net\/fr\/wp-json\/wp\/v2\/media?parent=7112"}],"curies":[{"name":"wp","href":"https:\/\/api.w.org\/{rel}","templated":true}]}}