{"id":7152,"date":"2024-01-24T15:02:56","date_gmt":"2024-01-24T14:02:56","guid":{"rendered":"https:\/\/www.iic-global.net\/fusions-et-acquisitions\/"},"modified":"2024-01-28T10:55:23","modified_gmt":"2024-01-28T09:55:23","slug":"fusions-et-acquisitions","status":"publish","type":"page","link":"https:\/\/www.iic-global.net\/fr\/fusions-et-acquisitions\/","title":{"rendered":"Fusions et acquisitions"},"content":{"rendered":"<div class=\"wpb-content-wrapper\"><p>[vc_row][vc_column][vc_column_text]<\/p>\r\n<h4>Un r\u00e9seau comp\u00e9tent &#8211; des contacts efficaces<img loading=\"lazy\" decoding=\"async\" class=\" wp-image-6114 alignleft\" src=\"https:\/\/www.iic-global.net\/wp-content\/uploads\/2021\/09\/MA-300x300.png\" alt=\"\" width=\"257\" height=\"257\" srcset=\"https:\/\/www.iic-global.net\/wp-content\/uploads\/2021\/09\/MA-300x300.png 300w, https:\/\/www.iic-global.net\/wp-content\/uploads\/2021\/09\/MA-150x150.png 150w, https:\/\/www.iic-global.net\/wp-content\/uploads\/2021\/09\/MA.png 332w\" sizes=\"auto, (max-width: 257px) 100vw, 257px\" \/><\/h4>\r\n<p><span style=\"font-weight: normal;\">Avec plus de 20 ans d&rsquo;exp\u00e9rience sur les march\u00e9s des logiciels et des technologies, nous sommes sp\u00e9cialis\u00e9s dans le d\u00e9veloppement de solutions sur mesure pour nos clients dans le domaine des fusions et acquisitions. <\/span>Nous ne nous concentrons pas seulement sur la vente des valeurs de l&rsquo;entreprise mais aussi sur l&rsquo;innovation produit ainsi que sur le bien-\u00eatre des salari\u00e9s. Notre objectif est de trouver les acheteurs ad\u00e9quats qui appr\u00e9cient les valeurs d&rsquo;une entreprise et qui assurent l&rsquo;avenir des salari\u00e9s par une croissance de l&rsquo;entreprise.<\/p>\r\n<p><\/p>\r\n<h4>Vente d&rsquo;entreprises<\/h4>\r\n<p>Du c\u00f4t\u00e9 <strong>vendeur<\/strong>, nous commen\u00e7ons par une analyse approfondie du positionnement de l&rsquo;entreprise et du produit, des objectifs de l&rsquo;entreprise ainsi que de sa strat\u00e9gie. Sur cette base, nous \u00e9tablissons une shortlist d&rsquo;entreprises potentielles qui correspondent aux besoins. En \u00e9troite collaboration avec nos clients, nous avons une discussion d\u00e9taill\u00e9e de la liste afin d&rsquo;en d\u00e9terminer les priorit\u00e9s. Ensuite, les acheteurs potentiels sont contact\u00e9s en fonction des priorit\u00e9s d\u00e9finies. Notre exp\u00e9rience montre qu&rsquo;une connaissance approfondie des produits, des technologies et du contexte des march\u00e9s, est essentielle pour faire avancer les discussions gr\u00e2ce \u00e0 une argumentation adapt\u00e9e.<\/p>\r\n<h4>Achat d&rsquo;entreprises<\/h4>\r\n<p><!-- \/wp:post-content --><\/p>\r\n<p>Du c\u00f4t\u00e9 acheteur, nous acceptons \u00e9galement des missions de la part d&rsquo;entreprise qui poss\u00e8dent des profils d&rsquo;entreprises \u00e0 vendre. Nous attachons une importance particuli\u00e8re \u00e0 la compr\u00e9hension pr\u00e9cise de la strat\u00e9gie d&rsquo;achat afin d&rsquo;identifier les entreprises appropri\u00e9es. Notre exp\u00e9rience et notre expertise historique nous permettent d&rsquo;argumenter des strat\u00e9gies de mani\u00e8re convaincante et de communiquer efficacement des id\u00e9es de collaboration et de conqu\u00eate de march\u00e9s futurs.<\/p>\r\n<p><!-- \/wp:paragraph --><\/p>\r\n<p>En tant que conseiller et interm\u00e9diaire, nous nous consid\u00e9rons comme des experts ayant une connaissance des march\u00e9s, de leurs \u00e9volutions et avec important portefeuille de contacts. Notre mission est de cr\u00e9er des solutions optimales pour nos clients et d&rsquo;assurer leur succ\u00e8s dans un monde des affaires en constante \u00e9volution.<\/p>\r\n<p><!-- \/wp:paragraph --><\/p>\r\n<p>&nbsp;<\/p>\r\n<p>[\/vc_column_text][\/vc_column][\/vc_row]<\/p><!-- \/wp:freeform --><\/div>","protected":false},"excerpt":{"rendered":"<p>[vc_row][vc_column][vc_column_text] Un r\u00e9seau comp\u00e9tent &#8211; des contacts efficaces Avec plus de 20 ans d&rsquo;exp\u00e9rience sur les march\u00e9s des logiciels et des technologies, nous sommes sp\u00e9cialis\u00e9s dans le d\u00e9veloppement de solutions sur mesure pour nos clients dans le domaine des fusions et acquisitions. Nous ne nous concentrons pas seulement sur la vente des valeurs de l&rsquo;entreprise&hellip;<\/p>\n","protected":false},"author":1,"featured_media":0,"parent":0,"menu_order":0,"comment_status":"closed","ping_status":"closed","template":"","meta":{"footnotes":""},"class_list":["post-7152","page","type-page","status-publish","hentry","description-off"],"_links":{"self":[{"href":"https:\/\/www.iic-global.net\/fr\/wp-json\/wp\/v2\/pages\/7152","targetHints":{"allow":["GET"]}}],"collection":[{"href":"https:\/\/www.iic-global.net\/fr\/wp-json\/wp\/v2\/pages"}],"about":[{"href":"https:\/\/www.iic-global.net\/fr\/wp-json\/wp\/v2\/types\/page"}],"author":[{"embeddable":true,"href":"https:\/\/www.iic-global.net\/fr\/wp-json\/wp\/v2\/users\/1"}],"replies":[{"embeddable":true,"href":"https:\/\/www.iic-global.net\/fr\/wp-json\/wp\/v2\/comments?post=7152"}],"version-history":[{"count":0,"href":"https:\/\/www.iic-global.net\/fr\/wp-json\/wp\/v2\/pages\/7152\/revisions"}],"wp:attachment":[{"href":"https:\/\/www.iic-global.net\/fr\/wp-json\/wp\/v2\/media?parent=7152"}],"curies":[{"name":"wp","href":"https:\/\/api.w.org\/{rel}","templated":true}]}}