{"id":7262,"date":"2024-02-05T08:57:38","date_gmt":"2024-02-05T07:57:38","guid":{"rendered":"https:\/\/www.iic-global.net\/?page_id=7262"},"modified":"2024-02-07T10:53:28","modified_gmt":"2024-02-07T09:53:28","slug":"la-strategie-pour-usa","status":"publish","type":"page","link":"https:\/\/www.iic-global.net\/fr\/la-strategie-pour-usa\/","title":{"rendered":"La strat\u00e9gie pour USA"},"content":{"rendered":"\n<div class=\"wp-block-group\"><div class=\"wp-block-group__inner-container is-layout-constrained wp-block-group-is-layout-constrained\">\n<div class=\"wp-block-columns is-layout-flex wp-container-core-columns-is-layout-9d6595d7 wp-block-columns-is-layout-flex\">\n<div class=\"wp-block-column is-layout-flow wp-block-column-is-layout-flow\" style=\"flex-basis:33.33%\"><div class=\"wp-block-image\">\n<figure class=\"alignleft size-medium is-resized\"><img loading=\"lazy\" decoding=\"async\" width=\"300\" height=\"178\" src=\"https:\/\/www.iic-global.net\/wp-content\/uploads\/2020\/10\/usa-flagge-web-300x178.png\" alt=\"USA\" class=\"wp-image-6134\" style=\"width:239px;height:auto\" srcset=\"https:\/\/www.iic-global.net\/wp-content\/uploads\/2020\/10\/usa-flagge-web-300x178.png 300w, https:\/\/www.iic-global.net\/wp-content\/uploads\/2020\/10\/usa-flagge-web-768x457.png 768w, https:\/\/www.iic-global.net\/wp-content\/uploads\/2020\/10\/usa-flagge-web.png 960w\" sizes=\"auto, (max-width: 300px) 100vw, 300px\" \/><\/figure>\n<\/div><\/div>\n\n\n\n<div class=\"wp-block-column is-layout-flow wp-block-column-is-layout-flow\" style=\"flex-basis:90%\">\n<h4 class=\"wp-block-heading\">Une entr\u00e9e r\u00e9ussie sur le march\u00e9<\/h4>\n\n\n\n<p>IIC est active depuis de nombreuses ann\u00e9es sur le march\u00e9 des TIC et de la technologie dans diff\u00e9rentes r\u00e9gions et s&rsquo;occupe de la mise en place de partenariats et de contacts avec les entreprises.<\/p>\n\n\n\n<p>La dimension des \u00c9tat-Unis ainsi que le paysage h\u00e9t\u00e9rog\u00e8ne, lorsque l&rsquo;on consid\u00e8re les diff\u00e9rents \u00e9tat am\u00e9ricain, conduisent IIC \u00e0 adopter une approche strat\u00e9gique diff\u00e9rente pour r\u00e9ussir.<\/p>\n<\/div>\n<\/div>\n<\/div><\/div>\n\n<p><\/p>\n\n<h4 class=\"wp-block-heading\">Les \u00c9tat-Unis, un march\u00e9 sp\u00e9cial<\/h4>\n\n<p>Nous commen\u00e7ons par un workshop pour identifier le profil des exigences et les affiner afin de d\u00e9finir une strat\u00e9gie d&rsquo;entr\u00e9e r\u00e9ussi sur le march\u00e9. Par quel \u00e9tat f\u00e9d\u00e9ral commencer? Quel \u00c9tat f\u00e9d\u00e9ral est logique ? Quels types de partenaires avec quels acc\u00e8s au march\u00e9 sont judicieux ? Qui sont les acteurs du march\u00e9? Quelles sont les r\u00e9glementations qui influencent les d\u00e9cisions d&rsquo;achat sur le march\u00e9 cible ?<\/p>\n\n<p>L&rsquo;\u00e9tape suivante consiste \u00e0 assister nos clients dans la cr\u00e9ation d&rsquo;une soci\u00e9t\u00e9, de mettre \u00e0 disposition des bureaux, de recruter des partenaires et des salari\u00e9s sur le march\u00e9 que l&rsquo;on a d\u00e9fini et garantir ainsi le succ\u00e8s de votre entreprise sur le march\u00e9 am\u00e9ricain.<\/p>\n\n<p>Nos coll\u00e8gues sont des connaisseurs exp\u00e9riment\u00e9s des \u00c9tats-Unis, des avocats, des professionnels de la vente et l&rsquo;ancien PDG de la Chambre de commerce germano-am\u00e9ricaine de la c\u00f4te ouest des \u00c9tats-Unis, qui ont d\u00e9j\u00e0 ouvert avec succ\u00e8s la voie \u00e0 de nombreuses entreprises aux \u00c9tats-Unis par le pass\u00e9.<br\/>Prenons le temps d&rsquo;en discuter, nous pouvons vous aider!<\/p>\n\n<h4 class=\"wp-block-heading\">Nos services :<\/h4>\n\n<ul class=\"wp-block-list\">\n<li>Strat\u00e9gie d&rsquo;entr\u00e9e sur le march\u00e9<\/li>\n\n\n\n<li>Cr\u00e9ation d&rsquo;entreprise<\/li>\n\n\n\n<li>Les services de bureau<\/li>\n\n\n\n<li>Recrutement de collaborateurs<\/li>\n\n\n\n<li>Recrutement de partenaires \/ prise de contact<\/li>\n\n\n\n<li>Une gestion par int\u00e9rime<\/li>\n<\/ul>\n","protected":false},"excerpt":{"rendered":"<p>Une entr\u00e9e r\u00e9ussie sur le march\u00e9 IIC est active depuis de nombreuses ann\u00e9es sur le march\u00e9 des TIC et de la technologie dans diff\u00e9rentes r\u00e9gions et s&rsquo;occupe de la mise en place de partenariats et de contacts avec les entreprises. La dimension des \u00c9tat-Unis ainsi que le paysage h\u00e9t\u00e9rog\u00e8ne, lorsque l&rsquo;on consid\u00e8re les diff\u00e9rents \u00e9tat&hellip;<\/p>\n","protected":false},"author":1,"featured_media":0,"parent":0,"menu_order":0,"comment_status":"closed","ping_status":"closed","template":"","meta":{"footnotes":""},"class_list":["post-7262","page","type-page","status-publish","hentry","description-off"],"_links":{"self":[{"href":"https:\/\/www.iic-global.net\/fr\/wp-json\/wp\/v2\/pages\/7262","targetHints":{"allow":["GET"]}}],"collection":[{"href":"https:\/\/www.iic-global.net\/fr\/wp-json\/wp\/v2\/pages"}],"about":[{"href":"https:\/\/www.iic-global.net\/fr\/wp-json\/wp\/v2\/types\/page"}],"author":[{"embeddable":true,"href":"https:\/\/www.iic-global.net\/fr\/wp-json\/wp\/v2\/users\/1"}],"replies":[{"embeddable":true,"href":"https:\/\/www.iic-global.net\/fr\/wp-json\/wp\/v2\/comments?post=7262"}],"version-history":[{"count":0,"href":"https:\/\/www.iic-global.net\/fr\/wp-json\/wp\/v2\/pages\/7262\/revisions"}],"wp:attachment":[{"href":"https:\/\/www.iic-global.net\/fr\/wp-json\/wp\/v2\/media?parent=7262"}],"curies":[{"name":"wp","href":"https:\/\/api.w.org\/{rel}","templated":true}]}}