{"id":6471,"date":"2022-01-11T18:34:16","date_gmt":"2022-01-11T17:34:16","guid":{"rendered":"http:\/\/intern.iic-international.net\/impronta-informativa-sulla-privacy\/"},"modified":"2024-03-25T16:03:54","modified_gmt":"2024-03-25T15:03:54","slug":"impronta-informativa-sulla-privacy","status":"publish","type":"page","link":"https:\/\/www.iic-global.net\/it\/impronta-informativa-sulla-privacy\/","title":{"rendered":"Impronta &amp; Informativa sulla privacy"},"content":{"rendered":"<div class=\"wpb-content-wrapper\"><p>[vc_row][vc_column width=&#8221;1\/4&#8243;][vc_column_text]Responsabilit\u00e0 di questo sito web per quanto riguarda la legge sul telemarketing e i contratti con i media:<\/p>\n<p><b>IIC &#8211; Innovative International Consulting GmbH &amp; Co. KG  <\/b><\/p>\n<p>Industriestra\u00dfe 8<br \/>\nD-78234 Engen<\/p>\n<p>Tel: +49 7733 982 915 00<br \/>\nFax: +49 7733 982 915 99<\/p>\n<p><a target=\"_blank\" rel=\"noopener noreferrer\">info(at)iic-global.net<\/a><\/p>\n<p>Registro delle aziende:<br \/>\nAmtsgericht Freiburg HRA 541017<br \/>\nUfficio delle imposte di Singen, No. d&#8217;imposta 18203 \/ 29180<br \/>\nID IVA: DE 228978687<\/p>\n<p>Banca: Sparkasse Engen &#8211; Gottmadingen<br \/>\nIBAN: DE48 6925 1445 0005 3866 10<\/p>\n<p>Responsabilit\u00e0 personale:<\/p>\n<p>IIC Verwaltung GmbH, Engen &#8211; Amministratore delegato: Werner Bezikofer &#8211; HRB 541962 AG Freiburg<\/p>\n<p>Altri siti web corrispondenti:<\/p>\n<p><a href=\"https:\/\/www.personal-poi.com\/\">www.personal-poi.com<\/a><\/p>\n<p><a href=\"https:\/\/www.itintell.org\/\">www.itintell.org<\/a><\/p>\n<p><a href=\"https:\/\/www.mybeen.com\/\">www.mybeen.com<\/a><\/p>\n<p><a href=\"https:\/\/www.innovative-ic.com\/\">www.innovative-ic.com<\/a><\/p>\n<p>Design artistico (Header Graphic):<br \/>\nWerbeagentur RevoLUZion &#8211; <a href=\"http:\/\/www.revoluzion.de\/\">www.revoLUZion.de<\/a> &#8211; Bernd Luz<\/p>\n<h5>Diritto d&#8217;autore, responsabilit\u00e0&#8230;<\/h5>\n<p>&#8230; per il layout della presentazione web, la grafica utilizzata e la raccolta degli articoli sono protetti da copyright. Le pagine possono essere copiate solo per uso privato. Non sono permesse alterazioni, n\u00e9 copie possono essere distribuite o utilizzate per la riproduzione pubblica. Anche i rapporti individuali sono protetti da copyright; altri riferimenti possono essere letti l\u00ec, se necessario. Tutte le informazioni su questo server sono fornite senza alcuna garanzia della loro accuratezza. Non si accetta alcuna responsabilit\u00e0 per qualsiasi danno derivante dall&#8217;uso di qualsiasi informazione richiamata. Contenuto della presentazione su Internet: L&#8217;IIC non si assume alcuna responsabilit\u00e0 per l&#8217;attualit\u00e0, la correttezza, la completezza o la qualit\u00e0 delle informazioni fornite.<\/p>\n<p>I reclami di responsabilit\u00e0 contro l&#8217;IIC relativi a danni materiali o intellettuali derivanti dall&#8217;uso o dal non uso delle informazioni fornite o dall&#8217;uso di informazioni errate e incomplete sono esclusi per principio, a meno che l&#8217;IIC non sia dimostrabilmente colpevole di un comportamento deliberato o di negligenza grave. Tutte le offerte fatte sono soggette a conferma e non vincolanti. La IIC si riserva espressamente il diritto di modificare, completare o cancellare il sito o parti di esso o di cessare temporaneamente o definitivamente la pubblicazione senza preavviso. Effetto legale: Se alcune sezioni o singole formulazioni in questo testo non soddisfano in tutto o in parte i requisiti legali applicabili, questo non influenzer\u00e0 in alcun modo il contenuto o la validit\u00e0.[\/vc_column_text][\/vc_column][vc_column width=&#8221;3\/4&#8243;][vc_column_text]<\/p>\n<h5><b>Politica sulla privacy<\/b><\/h5>\n<p>Nota generale e informazioni obbligatorie<\/p>\n<p><strong>Designazione dell&#8217;organismo responsabile<\/strong><\/p>\n<p>L&#8217;unit\u00e0 responsabile del trattamento dei dati su questo sito web \u00e8:<\/p>\n<p>IIC Innovative International Consulting GmbH &amp; Co. KG<\/p>\n<p>Werner Bezikofer<\/p>\n<p>Industriestra\u00dfe 8<\/p>\n<p>78234 Engen &#8211; Germania<\/p>\n<p>L&#8217;organo responsabile, da solo o di concerto con altri, decide gli scopi e i mezzi del trattamento dei dati personali (come nomi, dati di contatto, ecc.).<\/p>\n<p><b>Revoca del suo consenso al trattamento dei dati<\/b><\/p>\n<p>Solo con il suo esplicito consenso sono possibili alcuni processi di elaborazione dei dati. Una revoca del consenso gi\u00e0 dato \u00e8 possibile in qualsiasi momento. Per la revoca \u00e8 sufficiente un messaggio informale via e-mail. La legalit\u00e0 del trattamento dei dati effettuato fino alla revoca rimane inalterata dalla revoca.<\/p>\n<p><b>Diritto di lamentarsi presso l&#8217;autorit\u00e0 competente<\/b><\/p>\n<p>Come persona interessata, in caso di violazione della legge sulla protezione dei dati, avete il diritto di ricorrere all&#8217;autorit\u00e0 di controllo competente. L&#8217;autorit\u00e0 di controllo competente in materia di protezione dei dati \u00e8 il responsabile della protezione dei dati dello stato federale in cui si trova la sede della nostra azienda. Il seguente link fornisce un elenco di responsabili della protezione dei dati e i loro dettagli di contatto: https:\/\/www.bfdi.bund.de\/DE\/Infothek\/Anschriften_Links\/anschriften_links-node.html.<\/p>\n<p><b>Diritto alla portabilit\u00e0 dei dati<\/b><\/p>\n<p>Avete il diritto di avere i dati che trattiamo sulla base del vostro consenso o in adempimento di un contratto automaticamente a voi o a terzi. La disposizione \u00e8 fatta in un formato leggibile a macchina. Se si richiede il trasferimento diretto dei dati ad un&#8217;altra persona incaricata, questo sar\u00e0 fatto solo nella misura in cui \u00e8 tecnicamente possibile.<\/p>\n<p><b>Crittografia SSL o TLS<\/b><\/p>\n<p>Per ragioni di sicurezza e per proteggere la trasmissione di contenuti confidenziali che ci inviate come operatore del sito, il nostro sito utilizza un SSL o. Crittografia TLS. Cos\u00ec, i dati che si invia tramite questo sito web, per gli altri non leggibile. Riconoscerete una connessione criptata nella barra degli indirizzi &#8220;https: \/\/&#8221; del vostro browser e nell&#8217;icona del lucchetto nella barra del browser.<\/p>\n<p><b>File di log del server<\/b><\/p>\n<p>Nei file di log del server, il provider del sito web raccoglie e memorizza automaticamente le informazioni che il suo browser ci invia automaticamente. Questi sono:<\/p>\n<p>Tipo e versione del browser<\/p>\n<p>Sistema operativo utilizzato<\/p>\n<p>Referrer URL<\/p>\n<p>Nome dell&#8217;host del computer che accede<\/p>\n<p>Ora della richiesta del server<\/p>\n<p>Indirizzo IP<\/p>\n<p>Non c&#8217;\u00e8 fusione di questi dati con altre fonti di dati. La base per il trattamento dei dati \u00e8 l&#8217;Art. 6 para. 1 lit. b DSGVO, che permette il trattamento dei dati per l&#8217;esecuzione di un contratto o di misure precontrattuali.<\/p>\n<p><b>modulo di contatto<\/b><\/p>\n<p>I dati inviati tramite il modulo di contatto, compresi i vostri dati di contatto, saranno memorizzati per elaborare la vostra richiesta o per essere disponibili per domande di follow-up. La divulgazione di questi dati non avverr\u00e0 senza il suo consenso.<\/p>\n<p>Il trattamento dei dati inseriti nel modulo di contatto avviene esclusivamente sulla base del suo consenso (Art. 6 (1) lit. DSGVO). Una revoca del consenso gi\u00e0 dato \u00e8 possibile in qualsiasi momento. Per la revoca \u00e8 sufficiente un messaggio informale via e-mail. La legalit\u00e0 delle operazioni di trattamento dei dati effettuate fino alla revoca rimane inalterata dalla revoca.<\/p>\n<p>I dati inviati tramite il modulo di contatto rimarranno con noi fino a quando non ci chiederete di cancellarli, revocare il vostro consenso alla conservazione o non avrete pi\u00f9 bisogno di conservare i vostri dati. Le disposizioni legali obbligatorie &#8211; in particolare i periodi di conservazione &#8211; rimangono inalterate.<\/p>\n<p><b>biscotti<\/b><\/p>\n<p>Il nostro sito web utilizza i cookie. Questi sono piccoli file di testo che il tuo browser web memorizza sul tuo dispositivo. I cookie ci aiutano a rendere la nostra offerta pi\u00f9 facile da usare, efficace e sicura.<\/p>\n<p>Alcuni cookie sono &#8220;cookie di sessione&#8221;. Tali cookie vengono automaticamente cancellati dopo la fine della sessione del browser. D&#8217;altra parte, altri cookie rimangono sul suo dispositivo finch\u00e9 non li cancella lei stesso. Tali cookie ci aiutano a riconoscerti quando torni sul nostro sito web.<\/p>\n<p>Con un moderno browser web, \u00e8 possibile monitorare, limitare o impedire l&#8217;impostazione dei cookie. Molti browser web possono essere configurati per cancellare automaticamente i cookie quando il programma viene chiuso. La disattivazione dei cookie pu\u00f2 comportare una funzionalit\u00e0 limitata del nostro sito web.<\/p>\n<p>L&#8217;impostazione dei cookies, che sono necessari per l&#8217;esecuzione dei processi di comunicazione elettronica o la fornitura di alcune funzioni desiderate da voi (per esempio il carrello della spesa), avviene sulla base dell&#8217;Art. 6 para. f DSGVO. Come operatore di questo sito web, abbiamo un interesse legittimo nella memorizzazione dei cookie per la fornitura tecnicamente impeccabile e senza problemi dei nostri servizi. Se vengono impostati altri cookie (ad esempio per funzioni di analisi), saranno trattati separatamente in questa politica sulla privacy.<\/p>\n<p><b>Google Analytics<\/b><\/p>\n<p>Il nostro sito web utilizza funzioni del servizio di analisi web Google Analytics. Il fornitore di servizi di analisi web \u00e8 Google Inc, 1600 Amphitheater Parkway, Mountain View, CA 94043, USA.<\/p>\n<p>Google Analytics utilizza dei &#8220;cookies&#8221;. Questi sono piccoli file di testo che il tuo browser web memorizza sul tuo dispositivo e permettono l&#8217;analisi dell&#8217;uso del sito web. Le informazioni generate dai cookie sull&#8217;utilizzo del nostro sito web vengono trasmesse a un server di Google e l\u00ec memorizzate. La posizione del server \u00e8 solitamente negli Stati Uniti.<\/p>\n<p>I cookie di Google Analytics sono impostati sulla base dell&#8217;Art. 6 para. 1 lit. f DSGVO. Come operatore di questo sito web, abbiamo un interesse legittimo nell&#8217;analisi del comportamento degli utenti al fine di ottimizzare il nostro sito web ed eventualmente anche la pubblicit\u00e0.<\/p>\n<p><b>Anonimizzazione dell&#8217;IP<\/b><\/p>\n<p>Utilizziamo Google Analytics insieme alla funzione di anonimizzazione dell&#8217;IP. Assicura che Google accorcia il suo indirizzo IP all&#8217;interno degli stati membri dell&#8217;Unione Europea o di altre parti dell&#8217;accordo sullo Spazio Economico Europeo prima della trasmissione agli Stati Uniti. Ci possono essere eccezioni in cui Google trasmette e tronca l&#8217;indirizzo IP completo a un server negli Stati Uniti. Google utilizzer\u00e0 queste informazioni per nostro conto per valutare il vostro uso del sito web, per fare un rapporto sull&#8217;attivit\u00e0 del sito web e per fornirci altri servizi relativi all&#8217;attivit\u00e0 del sito web e all&#8217;uso di Internet. Non c&#8217;\u00e8 fusione dell&#8217;indirizzo IP trasmesso da Google Analytics con altri dati di Google.<\/p>\n<p><b>Plugin per il browser<\/b><\/p>\n<p>L&#8217;impostazione dei cookie attraverso il suo browser pu\u00f2 essere impedita. Tuttavia, alcune funzioni del nostro sito web possono essere limitate. Allo stesso modo, \u00e8 possibile impedire la raccolta di dati relativi all&#8217;utilizzo del sito web, compreso il vostro indirizzo IP e la successiva elaborazione da parte di Google. Questo \u00e8 possibile scaricando e installando il plug-in del browser accessibile tramite il seguente link: https:\/\/tools.google.com\/dlpage\/gaoptout?hl=de.<\/p>\n<p><b>Opposizione alla raccolta dei dati<\/b><\/p>\n<p>Puoi impedire la raccolta dei tuoi dati da parte di Google Analytics cliccando sul seguente link. Verr\u00e0 impostato un cookie di opt-out per evitare che i suoi dati vengano raccolti nelle visite future al nostro sito web: Disattivare Google Analytics.<\/p>\n<p>Per i dettagli sul trattamento dei dati degli utenti su Google Analytics, si prega di fare riferimento alla politica sulla privacy di Google: https:\/\/support.google.com\/analytics\/answer\/6004245?hl=en.<\/p>\n<p><b>elaborazione dell&#8217;ordine<\/b><\/p>\n<p>Per soddisfare pienamente i requisiti legali di protezione dei dati, abbiamo stipulato un accordo di elaborazione contrattuale con Google.<\/p>\n<p><b>Demografia in Google Analytics<\/b><\/p>\n<p>Il nostro sito web utilizza la funzione demografica di Google Analytics. Pu\u00f2 essere utilizzato per generare rapporti che contengono dichiarazioni sull&#8217;et\u00e0, il sesso e gli interessi dei visitatori del sito. Questi dati provengono dalla pubblicit\u00e0 basata sugli interessi di Google e dai dati dei visitatori di terzi. Non \u00e8 possibile assegnare i dati a una persona specifica. \u00c8 possibile disattivare questa funzione in qualsiasi momento. Questo \u00e8 possibile attraverso le impostazioni degli annunci nel vostro account Google o vietando in generale la raccolta dei vostri dati da parte di Google Analytics, come spiegato nella sezione &#8220;Obiezione alla raccolta dei dati&#8221;.<\/p>\n<p><b>Google AdWords e Google Conversion Tracking<\/b><\/p>\n<p>Il nostro sito web utilizza Google AdWords. Il fornitore \u00e8 Google Inc, 1600 Amphitheater Parkway, Mountain View, CA 94043, Stati Uniti.<\/p>\n<p>AdWords \u00e8 un programma di pubblicit\u00e0 online. Come parte del programma di pubblicit\u00e0 online, lavoriamo con il monitoraggio delle conversioni. Dopo aver cliccato su un annuncio servito da Google, verr\u00e0 impostato un cookie per il monitoraggio delle conversioni. I cookie sono piccoli file di testo che il suo browser web memorizza sul suo dispositivo. I cookies di Google AdWords perdono la loro validit\u00e0 dopo 30 giorni e non vengono utilizzati per l&#8217;identificazione personale degli utenti. Al cookie, Google e noi riconosciamo che hai cliccato su un annuncio e sei stato reindirizzato al nostro sito.<\/p>\n<p>Ogni cliente di Google AdWords riceve un cookie diverso. I cookie non sono rintracciabili attraverso i siti web dei clienti AdWords. I cookie di conversione sono utilizzati per generare statistiche di conversione per gli inserzionisti AdWords che utilizzano il conversion tracking. I clienti di Adwords apprendono quante persone hanno cliccato sul loro annuncio e sono state reindirizzate alle pagine dei tag di monitoraggio delle conversioni. Tuttavia, gli inserzionisti di AdWords non ricevono informazioni che permettano loro di identificarsi personalmente. Se non vuole partecipare al tracciamento, pu\u00f2 opporsi a un utilizzo. Ecco il cookie di conversione nelle impostazioni utente del browser da disabilitare. Quindi non c&#8217;\u00e8 inclusione nelle statistiche di monitoraggio delle conversioni.<\/p>\n<p>La memorizzazione dei &#8220;cookie di conversione&#8221; si basa sull&#8217;Art. 6 para. 1 lit. f DSGVO. Noi, come operatori del sito web, abbiamo un interesse legittimo ad analizzare il comportamento degli utenti al fine di ottimizzare il nostro sito web e la pubblicit\u00e0.<\/p>\n<p>Per i dettagli su Google AdWords e Google Conversion Tracking, vedere la politica sulla privacy di Google: https:\/\/www.google.com\/policies\/privacy\/.<\/p>\n<p>Con un moderno browser web, \u00e8 possibile monitorare, limitare o impedire l&#8217;impostazione dei cookie. La disattivazione dei cookie pu\u00f2 comportare una funzionalit\u00e0 limitata del nostro sito web.[\/vc_column_text][\/vc_column][\/vc_row]<\/p>\n<\/div>","protected":false},"excerpt":{"rendered":"<p>[vc_row][vc_column width=&#8221;1\/4&#8243;][vc_column_text]Responsabilit\u00e0 di questo sito web per quanto riguarda la legge sul telemarketing e i contratti con i media: IIC &#8211; Innovative International Consulting GmbH &amp; Co. KG Industriestra\u00dfe 8 D-78234 Engen Tel: +49 7733 982 915 00 Fax: +49 7733 982 915 99 info(at)iic-global.net Registro delle aziende: Amtsgericht Freiburg HRA 541017 Ufficio delle imposte&hellip;<\/p>\n","protected":false},"author":1,"featured_media":0,"parent":0,"menu_order":0,"comment_status":"closed","ping_status":"closed","template":"","meta":{"footnotes":""},"class_list":["post-6471","page","type-page","status-publish","hentry","description-off"],"_links":{"self":[{"href":"https:\/\/www.iic-global.net\/it\/wp-json\/wp\/v2\/pages\/6471","targetHints":{"allow":["GET"]}}],"collection":[{"href":"https:\/\/www.iic-global.net\/it\/wp-json\/wp\/v2\/pages"}],"about":[{"href":"https:\/\/www.iic-global.net\/it\/wp-json\/wp\/v2\/types\/page"}],"author":[{"embeddable":true,"href":"https:\/\/www.iic-global.net\/it\/wp-json\/wp\/v2\/users\/1"}],"replies":[{"embeddable":true,"href":"https:\/\/www.iic-global.net\/it\/wp-json\/wp\/v2\/comments?post=6471"}],"version-history":[{"count":0,"href":"https:\/\/www.iic-global.net\/it\/wp-json\/wp\/v2\/pages\/6471\/revisions"}],"wp:attachment":[{"href":"https:\/\/www.iic-global.net\/it\/wp-json\/wp\/v2\/media?parent=6471"}],"curies":[{"name":"wp","href":"https:\/\/api.w.org\/{rel}","templated":true}]}}