{"id":7155,"date":"2024-01-24T15:02:57","date_gmt":"2024-01-24T14:02:57","guid":{"rendered":"https:\/\/www.iic-global.net\/fusioni-e-acquisizioni\/"},"modified":"2024-01-24T15:24:16","modified_gmt":"2024-01-24T14:24:16","slug":"fusioni-e-acquisizioni","status":"publish","type":"page","link":"https:\/\/www.iic-global.net\/it\/fusioni-e-acquisizioni\/","title":{"rendered":"Fusioni e acquisizioni"},"content":{"rendered":"<div class=\"wpb-content-wrapper\"><p>[vc_row][vc_column][vc_column_text]<\/p>\r\n<h4>Rete competente &#8211; Contatti efficienti<img loading=\"lazy\" decoding=\"async\" class=\" wp-image-6114 alignleft\" src=\"https:\/\/www.iic-global.net\/wp-content\/uploads\/2021\/09\/MA-300x300.png\" alt=\"\" width=\"257\" height=\"257\" srcset=\"https:\/\/www.iic-global.net\/wp-content\/uploads\/2021\/09\/MA-300x300.png 300w, https:\/\/www.iic-global.net\/wp-content\/uploads\/2021\/09\/MA-150x150.png 150w, https:\/\/www.iic-global.net\/wp-content\/uploads\/2021\/09\/MA.png 332w\" sizes=\"auto, (max-width: 257px) 100vw, 257px\" \/><\/h4>\r\n<p><span style=\"font-weight: normal;\">Con oltre 20 anni di esperienza nei mercati del software e della tecnologia, siamo specializzati nello sviluppo di soluzioni su misura per i nostri clienti nel settore delle fusioni e acquisizioni. La nostra attenzione non si concentra solo sulla vendita dei valori aziendali, ma anche sulla considerazione delle idee di prodotto e del benessere dei dipendenti all&#8217;interno delle aziende. Il nostro obiettivo \u00e8 trovare gli acquirenti giusti che apprezzino il valore e offrano uno sviluppo continuo ai dipendenti. <\/span><span style=\"font-weight: normal;\">garantire.<\/span><\/p>\r\n<p><!-- \/wp:post-content --><\/p>\r\n<h4>Vendita di aziende<\/h4>\r\n<p><!-- wp:paragraph --><strong>Dal punto di vista del venditore<\/strong>, iniziamo con un&#8217;analisi approfondita del vostro posizionamento, dell&#8217;orientamento del target e della strategia. Su questa base, stiliamo una lista di potenziali aziende che soddisfano i vostri requisiti. In stretta consultazione con voi, discutiamo questo elenco in dettaglio per determinare le priorit\u00e0. Segue un approccio mirato ai potenziali acquirenti in base alla priorit\u00e0 definita. La nostra esperienza pluriennale dimostra che una solida conoscenza dei prodotti e del mercato \u00e8 fondamentale per portare avanti efficacemente le discussioni con un&#8217;argomentazione personalizzata.<\/p>\r\n<h4>Acquisto di aziende<\/h4>\r\n<p><!-- \/wp:paragraph --><\/p>\r\n<p><!-- wp:paragraph -->Dal punto di vista <strong>dell&#8217;acquirente<\/strong>, accettiamo anche ordini da aziende che ci contattano con un profilo di potenziali acquirenti. Attribuiamo particolare importanza alla comprensione dettagliata della strategia di acquisizione per individuare le aziende adatte. La nostra esperienza e la nostra competenza storica ci permettono di argomentare le strategie in modo convincente e di comunicare efficacemente le idee di cooperazione e di sviluppo dei mercati futuri.<\/p>\r\n<p><!-- \/wp:paragraph --><\/p>\r\n<p><!-- wp:paragraph -->In qualit\u00e0 di consulenti intermediari, ci consideriamo esperti con una conoscenza approfondita dei mercati, degli sviluppi e dei contatti. La nostra missione \u00e8 creare soluzioni ottimali per i nostri clienti e garantire il successo in un mondo economico in costante evoluzione.<\/p>\r\n<p><!-- \/wp:paragraph --><\/p>\r\n<p>&nbsp;<\/p>\r\n<p>[\/vc_column_text][\/vc_column][\/vc_row]<\/p><\/div>","protected":false},"excerpt":{"rendered":"<p>[vc_row][vc_column][vc_column_text] Rete competente &#8211; Contatti efficienti Con oltre 20 anni di esperienza nei mercati del software e della tecnologia, siamo specializzati nello sviluppo di soluzioni su misura per i nostri clienti nel settore delle fusioni e acquisizioni. La nostra attenzione non si concentra solo sulla vendita dei valori aziendali, ma anche sulla considerazione delle idee&hellip;<\/p>\n","protected":false},"author":1,"featured_media":0,"parent":0,"menu_order":0,"comment_status":"closed","ping_status":"closed","template":"","meta":{"footnotes":""},"class_list":["post-7155","page","type-page","status-publish","hentry","description-off"],"_links":{"self":[{"href":"https:\/\/www.iic-global.net\/it\/wp-json\/wp\/v2\/pages\/7155","targetHints":{"allow":["GET"]}}],"collection":[{"href":"https:\/\/www.iic-global.net\/it\/wp-json\/wp\/v2\/pages"}],"about":[{"href":"https:\/\/www.iic-global.net\/it\/wp-json\/wp\/v2\/types\/page"}],"author":[{"embeddable":true,"href":"https:\/\/www.iic-global.net\/it\/wp-json\/wp\/v2\/users\/1"}],"replies":[{"embeddable":true,"href":"https:\/\/www.iic-global.net\/it\/wp-json\/wp\/v2\/comments?post=7155"}],"version-history":[{"count":0,"href":"https:\/\/www.iic-global.net\/it\/wp-json\/wp\/v2\/pages\/7155\/revisions"}],"wp:attachment":[{"href":"https:\/\/www.iic-global.net\/it\/wp-json\/wp\/v2\/media?parent=7155"}],"curies":[{"name":"wp","href":"https:\/\/api.w.org\/{rel}","templated":true}]}}